{"id":44,"date":"2023-08-08T16:57:06","date_gmt":"2023-08-08T16:57:06","guid":{"rendered":"https:\/\/defiscalisant.com\/?page_id=44"},"modified":"2023-09-24T13:29:38","modified_gmt":"2023-09-24T13:29:38","slug":"o-nas","status":"publish","type":"page","link":"https:\/\/drogue-douce.com\/tr\/o-nas\/","title":{"rendered":"Erotik web kameras\u0131 blogumuz hakk\u0131nda"},"content":{"rendered":"<p><em>\u015eehvetli Ke\u015fif D\u00fcnyas\u0131n\u0131 Ke\u015ffedin<\/em><\/p>\n<p>Erotik web kameralar\u0131n\u0131n heyecan verici, gizemli ve b\u00fcy\u00fcleyici d\u00fcnyas\u0131na dalmaya haz\u0131r m\u0131s\u0131n\u0131z? Fantezilerin hayata ge\u00e7ti\u011fi ve duygusall\u0131\u011f\u0131n s\u0131n\u0131rlar\u0131n\u0131n yeni boyutlara ta\u015f\u0131nd\u0131\u011f\u0131 bir d\u00fcnyaya dair nihai rehberiniz olan Erotik Web Kameras\u0131 Blogumuzdan ba\u015fka bir yere bakmay\u0131n.<\/p>\n<p><strong>Dijital \u00c7a\u011fda Arzuyu Ke\u015ffetmek<\/strong><\/p>\n<p>\u0130nternet \u00e7a\u011f\u0131nda insan ba\u011flant\u0131s\u0131 say\u0131s\u0131z \u015fekilde geli\u015fti. Yeti\u015fkin e\u011flencesi ve ke\u015ffi i\u00e7in en heyecan verici yollardan biri erotik web kameralar\u0131d\u0131r. Blogumuz sizi bu ilgi \u00e7ekici diyarda heyecan verici bir yolculu\u011fa \u00e7\u0131karmak i\u00e7in burada.<\/p>\n<p><strong>Bir \u0130\u00e7erik Hazinesi<\/strong><\/p>\n<p>Erotik Web Kameras\u0131 Blogumuz, s\u00fcr\u00fckleyici ve heyecan verici bir deneyim arayanlar i\u00e7in zengin bir i\u00e7erik hazinesi sunuyor. \u0130\u015fte bekleyebilece\u011finiz \u015feyler:<\/p>\n<ol>\n<li><strong>C\u0131z\u0131rt\u0131l\u0131 Blog Yaz\u0131lar\u0131:<\/strong> Tutkulu yazarlardan olu\u015fan ekibimiz, erotik web kameralar\u0131yla ilgili say\u0131s\u0131z konuyu ara\u015ft\u0131r\u0131yor. \u00c7evrimi\u00e7i kar\u015f\u0131la\u015fmalar\u0131n\u0131z\u0131 geli\u015ftirmeye y\u00f6nelik ipu\u00e7lar\u0131ndan, en pop\u00fcler model ve sitelerin derinlemesine incelemelerine kadar, size yard\u0131mc\u0131 oluyoruz.<\/li>\n<li><strong>Foto\u011fraf Galerileri:<\/strong> En \u00e7ekici web kameras\u0131 sanat\u00e7\u0131lar\u0131n\u0131n g\u00f6z al\u0131c\u0131 foto\u011fraflar\u0131 ile g\u00f6zlerinize ziyafet \u00e7ekin. Bu g\u00f6r\u00fcnt\u00fcler anl\u0131k foto\u011fraflardan daha fazlas\u0131d\u0131r; bunlar t\u00fcm g\u00fczelli\u011fiyle insan formunun bir kutlamas\u0131d\u0131r.<\/li>\n<li><strong>Video G\u00f6sterimleri:<\/strong> \u00d6zenle se\u00e7ilmi\u015f video g\u00f6sterimlerimizle erotik web kameralar\u0131 d\u00fcnyas\u0131n\u0131n derinliklerine dal\u0131n. Bu b\u00fcy\u00fcleyici sanat\u00e7\u0131lar\u0131n sundu\u011fu \u015feylerin tad\u0131na bak\u0131n.<\/li>\n<li><strong>Kullan\u0131c\u0131 hikayeleri:<\/strong> Erotik web kameras\u0131 d\u00fcnyas\u0131na ad\u0131m atan ger\u00e7ek insanlardan haber al\u0131n. Hikayeleri ve deneyimleri merak uyand\u0131racak ve ilham verecek.<\/li>\n<\/ol>\n<p><strong>G\u00fcvenli ve Sayg\u0131l\u0131 Bir Topluluk<\/strong><\/p>\n<p>G\u00fcvenli, sayg\u0131l\u0131 ve kapsay\u0131c\u0131 bir topluluk olu\u015fturmaya kararl\u0131y\u0131z. R\u0131zan\u0131n, s\u0131n\u0131rlar\u0131n ve her bireye azami sayg\u0131yla davranman\u0131n \u00f6nemini vurguluyoruz. Blogumuz a\u00e7\u0131k fikirli yeti\u015fkinlerin arzular\u0131n\u0131 yarg\u0131lamadan \u00f6zg\u00fcrce ke\u015ffedebilecekleri bir aland\u0131r.<\/p>\n<p><strong>Yolculu\u011funuz Burada Ba\u015fl\u0131yor<\/strong><\/p>\n<p>\u0130ster deneyimli bir merakl\u0131 olun ister erotik web kameras\u0131 d\u00fcnyas\u0131nda yeni olun, blogumuzda herkes i\u00e7in bir \u015feyler var. Misyonumuz bireyleri e\u011flendiren, e\u011fiten ve arzular\u0131n\u0131 ve meraklar\u0131n\u0131 benimsemeleri i\u00e7in g\u00fc\u00e7lendiren bir kaynak sa\u011flamakt\u0131r.<\/p>","protected":false},"excerpt":{"rendered":"<p>Discover the World of Sensual Exploration Are you ready to dive into the exciting, mysterious, and captivating world of erotic [&hellip;]<\/p>","protected":false},"author":1,"featured_media":0,"parent":0,"menu_order":0,"comment_status":"closed","ping_status":"closed","template":"","meta":{"footnotes":""},"class_list":["post-44","page","type-page","status-publish","hentry"],"yoast_head":"<!-- This site is optimized with the Yoast SEO plugin v20.13 - https:\/\/yoast.com\/wordpress\/plugins\/seo\/ -->\n<title>About our erotic webcam blog -<\/title>\n<meta name=\"robots\" content=\"index, follow, max-snippet:-1, max-image-preview:large, max-video-preview:-1\" \/>\n<link rel=\"canonical\" href=\"https:\/\/drogue-douce.com\/tr\/o-nas\/\" \/>\n<meta property=\"og:locale\" content=\"tr_TR\" \/>\n<meta property=\"og:type\" content=\"article\" \/>\n<meta property=\"og:title\" content=\"About our erotic webcam blog -\" \/>\n<meta property=\"og:description\" content=\"Discover the World of Sensual Exploration Are you ready to dive into the exciting, mysterious, and captivating world of erotic [&hellip;]\" \/>\n<meta property=\"og:url\" content=\"https:\/\/drogue-douce.com\/tr\/o-nas\/\" \/>\n<meta property=\"article:modified_time\" content=\"2023-09-24T13:29:38+00:00\" \/>\n<meta name=\"twitter:card\" content=\"summary_large_image\" \/>\n<script type=\"application\/ld+json\" class=\"yoast-schema-graph\">{\"@context\":\"https:\/\/schema.org\",\"@graph\":[{\"@type\":\"WebPage\",\"@id\":\"https:\/\/drogue-douce.com\/o-nas\/\",\"url\":\"https:\/\/drogue-douce.com\/o-nas\/\",\"name\":\"About our erotic webcam blog -\",\"isPartOf\":{\"@id\":\"https:\/\/drogue-douce.com\/#website\"},\"datePublished\":\"2023-08-08T16:57:06+00:00\",\"dateModified\":\"2023-09-24T13:29:38+00:00\",\"breadcrumb\":{\"@id\":\"https:\/\/drogue-douce.com\/o-nas\/#breadcrumb\"},\"inLanguage\":\"tr\",\"potentialAction\":[{\"@type\":\"ReadAction\",\"target\":[\"https:\/\/drogue-douce.com\/o-nas\/\"]}]},{\"@type\":\"BreadcrumbList\",\"@id\":\"https:\/\/drogue-douce.com\/o-nas\/#breadcrumb\",\"itemListElement\":[{\"@type\":\"ListItem\",\"position\":1,\"name\":\"\u0413\u043b\u0430\u0432\u043d\u0430\u044f \u0441\u0442\u0440\u0430\u043d\u0438\u0446\u0430\",\"item\":\"https:\/\/drogue-douce.com\/\"},{\"@type\":\"ListItem\",\"position\":2,\"name\":\"About our erotic webcam blog\"}]},{\"@type\":\"WebSite\",\"@id\":\"https:\/\/drogue-douce.com\/#website\",\"url\":\"https:\/\/drogue-douce.com\/\",\"name\":\"\",\"description\":\"Dive into the captivating realm of Adult Webcam World, your ultimate destination for a visual feast\",\"potentialAction\":[{\"@type\":\"SearchAction\",\"target\":{\"@type\":\"EntryPoint\",\"urlTemplate\":\"https:\/\/drogue-douce.com\/?s={search_term_string}\"},\"query-input\":\"required name=search_term_string\"}],\"inLanguage\":\"tr\"}]}<\/script>\n<!-- \/ Yoast SEO plugin. -->","yoast_head_json":{"title":"About our erotic webcam blog -","robots":{"index":"index","follow":"follow","max-snippet":"max-snippet:-1","max-image-preview":"max-image-preview:large","max-video-preview":"max-video-preview:-1"},"canonical":"https:\/\/drogue-douce.com\/tr\/o-nas\/","og_locale":"tr_TR","og_type":"article","og_title":"About our erotic webcam blog -","og_description":"Discover the World of Sensual Exploration Are you ready to dive into the exciting, mysterious, and captivating world of erotic [&hellip;]","og_url":"https:\/\/drogue-douce.com\/tr\/o-nas\/","article_modified_time":"2023-09-24T13:29:38+00:00","twitter_card":"summary_large_image","schema":{"@context":"https:\/\/schema.org","@graph":[{"@type":"WebPage","@id":"https:\/\/drogue-douce.com\/o-nas\/","url":"https:\/\/drogue-douce.com\/o-nas\/","name":"About our erotic webcam blog -","isPartOf":{"@id":"https:\/\/drogue-douce.com\/#website"},"datePublished":"2023-08-08T16:57:06+00:00","dateModified":"2023-09-24T13:29:38+00:00","breadcrumb":{"@id":"https:\/\/drogue-douce.com\/o-nas\/#breadcrumb"},"inLanguage":"tr","potentialAction":[{"@type":"ReadAction","target":["https:\/\/drogue-douce.com\/o-nas\/"]}]},{"@type":"BreadcrumbList","@id":"https:\/\/drogue-douce.com\/o-nas\/#breadcrumb","itemListElement":[{"@type":"ListItem","position":1,"name":"\u0413\u043b\u0430\u0432\u043d\u0430\u044f \u0441\u0442\u0440\u0430\u043d\u0438\u0446\u0430","item":"https:\/\/drogue-douce.com\/"},{"@type":"ListItem","position":2,"name":"About our erotic webcam blog"}]},{"@type":"WebSite","@id":"https:\/\/drogue-douce.com\/#website","url":"https:\/\/drogue-douce.com\/","name":"","description":"Dive into the captivating realm of Adult Webcam World, your ultimate destination for a visual feast","potentialAction":[{"@type":"SearchAction","target":{"@type":"EntryPoint","urlTemplate":"https:\/\/drogue-douce.com\/?s={search_term_string}"},"query-input":"required name=search_term_string"}],"inLanguage":"tr"}]}},"_links":{"self":[{"href":"https:\/\/drogue-douce.com\/tr\/wp-json\/wp\/v2\/pages\/44","targetHints":{"allow":["GET"]}}],"collection":[{"href":"https:\/\/drogue-douce.com\/tr\/wp-json\/wp\/v2\/pages"}],"about":[{"href":"https:\/\/drogue-douce.com\/tr\/wp-json\/wp\/v2\/types\/page"}],"author":[{"embeddable":true,"href":"https:\/\/drogue-douce.com\/tr\/wp-json\/wp\/v2\/users\/1"}],"replies":[{"embeddable":true,"href":"https:\/\/drogue-douce.com\/tr\/wp-json\/wp\/v2\/comments?post=44"}],"version-history":[{"count":2,"href":"https:\/\/drogue-douce.com\/tr\/wp-json\/wp\/v2\/pages\/44\/revisions"}],"predecessor-version":[{"id":205,"href":"https:\/\/drogue-douce.com\/tr\/wp-json\/wp\/v2\/pages\/44\/revisions\/205"}],"wp:attachment":[{"href":"https:\/\/drogue-douce.com\/tr\/wp-json\/wp\/v2\/media?parent=44"}],"curies":[{"name":"wp","href":"https:\/\/api.w.org\/{rel}","templated":true}]}}