{"id":42,"date":"2023-08-08T16:56:50","date_gmt":"2023-08-08T16:56:50","guid":{"rendered":"https:\/\/defiscalisant.com\/?page_id=42"},"modified":"2023-09-24T13:31:45","modified_gmt":"2023-09-24T13:31:45","slug":"konfidenczialnost","status":"publish","type":"page","link":"https:\/\/drogue-douce.com\/tr\/konfidenczialnost\/","title":{"rendered":"Mahremiyet"},"content":{"rendered":"<p><strong>Drogue-Douce.com&#039;un Gizlilik Politikas\u0131<\/strong><\/p>\n<p><strong>girii\u015f<\/strong><\/p>\n<p>Drogue-Douce.com&#039;a ho\u015f geldiniz (\u201cbiz\u201d, \u201cbizim\u201d veya \u201cbize\u201d). Gizlili\u011finize sayg\u0131 duyuyoruz ve ki\u015fisel bilgilerinizi korumaya kararl\u0131y\u0131z. Bu Gizlilik Politikas\u0131, ki\u015fisel bilgilerinizi nas\u0131l toplad\u0131\u011f\u0131m\u0131z\u0131, kulland\u0131\u011f\u0131m\u0131z\u0131 ve payla\u015ft\u0131\u011f\u0131m\u0131z\u0131 ve ki\u015fisel verilerinizle ilgili haklar\u0131n\u0131z\u0131 a\u00e7\u0131klayacakt\u0131r.<\/p>\n<p>Web sitemizi kullanarak bu Gizlilik Politikas\u0131n\u0131n \u015fartlar\u0131n\u0131 kabul etmi\u015f olursunuz.<\/p>\n<p>Erotik Web Kameras\u0131 Blogumuzda, g\u00fcn\u00fcm\u00fcz\u00fcn dijital ortam\u0131nda gizlili\u011fin \u00f6neminin fark\u0131nday\u0131z. Gizlili\u011finizin korunmas\u0131n\u0131 ve \u00e7evrimi\u00e7i deneyiminizin hem g\u00fcvenli hem de e\u011flenceli olmas\u0131n\u0131 sa\u011flamaya kendimizi adad\u0131k.<\/p>\n<p><strong>Gizlilik Politikam\u0131z\u0131 Anlamak<\/strong><\/p>\n<p>Bu Gizlilik Politikas\u0131, ki\u015fisel bilgilerinizi nas\u0131l toplad\u0131\u011f\u0131m\u0131z\u0131, kulland\u0131\u011f\u0131m\u0131z\u0131 ve korudu\u011fumuzu \u00f6zetlemektedir. Web sitemizi kullanarak bu politikada a\u00e7\u0131klanan \u015fartlar\u0131 kabul etmi\u015f olursunuz.<\/p>\n<ol>\n<li><strong>Toplad\u0131\u011f\u0131m\u0131z Bilgiler:<\/strong>\n<ul>\n<li><em>Ki\u015fisel bilgi:<\/em> Ad\u0131n\u0131z, e-posta adresiniz gibi ki\u015fisel ayr\u0131nt\u0131lar\u0131 ve sitemizle etkile\u015fimde bulundu\u011funuzda, haber b\u00fcltenimize abone oldu\u011funuzda veya herhangi bir ankete veya yar\u0131\u015fmaya kat\u0131ld\u0131\u011f\u0131n\u0131zda g\u00f6n\u00fcll\u00fc olarak sa\u011flad\u0131\u011f\u0131n\u0131z di\u011fer bilgileri toplayabiliriz.<\/li>\n<li><em>Kullan\u0131m Bilgileri:<\/em> Gezinme d\u00fczenleriniz, ziyaret etti\u011finiz sayfalar ve kal\u0131\u015f s\u00fcreniz dahil olmak \u00fczere web sitemizi nas\u0131l kulland\u0131\u011f\u0131n\u0131z hakk\u0131nda ki\u015fisel olmayan bilgiler topluyoruz. Bu, kullan\u0131c\u0131 deneyimini geli\u015ftirmemize ve i\u00e7eri\u011fi tercihlerinize g\u00f6re uyarlamam\u0131za yard\u0131mc\u0131 olur.<\/li>\n<\/ul>\n<\/li>\n<li><strong>Bilgilerinizi Nas\u0131l Kullan\u0131yoruz:<\/strong>\n<ul>\n<li><em>\u00d6zelle\u015ftirilmi\u015f Deneyim:<\/em> Bilgileriniz, i\u00e7eri\u011fimizi ilgi alanlar\u0131n\u0131za ve tercihlerinize daha iyi uyacak \u015fekilde uyarlamam\u0131za yard\u0131mc\u0131 olarak size blogumuzda daha ki\u015fiselle\u015ftirilmi\u015f bir deneyim sunar.<\/li>\n<li><em>\u0130leti\u015fim:<\/em> E-posta adresinizi size g\u00fcncellemeler, haber b\u00fcltenleri, promosyon teklifleri g\u00f6ndermek veya sorular\u0131n\u0131za yan\u0131t vermek i\u00e7in kullanabiliriz. Diledi\u011finiz zaman bu ileti\u015fimlerden vazge\u00e7ebilirsiniz.<\/li>\n<\/ul>\n<\/li>\n<li><strong>Bilgilerinizin Korunmas\u0131:<\/strong>\n<ul>\n<li><em>Veri g\u00fcvenli\u011fi:<\/em> Ki\u015fisel bilgilerinizi yetkisiz eri\u015fime, if\u015fa edilmeye, de\u011fi\u015ftirilmeye veya imha edilmeye kar\u015f\u0131 korumak i\u00e7in g\u00fc\u00e7l\u00fc g\u00fcvenlik \u00f6nlemleri kullan\u0131yoruz.<\/li>\n<li><em>\u00dc\u00e7\u00fcnc\u00fc Taraf Eri\u015fimi:<\/em> Ki\u015fisel bilgilerinizi d\u0131\u015f taraflara satm\u0131yoruz, takas etmiyoruz veya aktarm\u0131yoruz. Ancak bu, bu bilgileri gizli tutmay\u0131 kabul ettikleri s\u00fcrece web sitemizi i\u015fletmemize veya i\u015fimizi y\u00fcr\u00fctmemize yard\u0131mc\u0131 olan g\u00fcvenilir \u00fc\u00e7\u00fcnc\u00fc taraflar\u0131 kapsamaz.<\/li>\n<\/ul>\n<\/li>\n<li><strong>Kurabiye:<\/strong>\n<ul>\n<li><em>\u00c7erezlerin Kullan\u0131m\u0131:<\/em> Gezinme deneyiminizi geli\u015ftirmek i\u00e7in cihaz\u0131n\u0131zda saklanan k\u00fc\u00e7\u00fck dosyalar olan \u00e7erezleri kullan\u0131yoruz. Bu \u00e7erezler web sitesi trafi\u011fini analiz etmemize, tercihlerinizi hat\u0131rlamam\u0131za ve web sitemizi geli\u015ftirmemize yard\u0131mc\u0131 olur.<\/li>\n<li><em>\u00c7erez Kontrol\u00fc:<\/em> \u00c7erezleri kabul etme veya reddetme se\u00e7ene\u011finiz vard\u0131r. \u00c7o\u011fu web taray\u0131c\u0131s\u0131 \u00e7erezleri otomatik olarak kabul eder, ancak isterseniz genellikle taray\u0131c\u0131 ayarlar\u0131n\u0131z\u0131 \u00e7erezleri reddedecek \u015fekilde de\u011fi\u015ftirebilirsiniz.<\/li>\n<\/ul>\n<\/li>\n<li><strong>\u00dc\u00e7\u00fcnc\u00fc Taraf Ba\u011flant\u0131lar\u0131:<\/strong>\n<ul>\n<li>Web sitemiz harici sitelere ba\u011flant\u0131lar i\u00e7erebilir. L\u00fctfen bu \u00fc\u00e7\u00fcnc\u00fc taraf sitelerin i\u00e7eri\u011finden veya gizlilik uygulamalar\u0131ndan sorumlu olmad\u0131\u011f\u0131m\u0131z\u0131 unutmay\u0131n. Ziyaret etti\u011finiz t\u00fcm web sitelerinin gizlilik politikalar\u0131n\u0131 incelemenizi \u00f6neririz.<\/li>\n<\/ul>\n<\/li>\n<\/ol>\n<p><strong>Onay\u0131n\u0131z ve Kontrol\u00fcn\u00fcz:<\/strong><\/p>\n<p>Erotik Web Kameras\u0131 Blogumuzu kullanarak Gizlilik Politikam\u0131z\u0131 kabul etmi\u015f olursunuz. Bu politikay\u0131 kabul etmiyorsan\u0131z l\u00fctfen web sitemizi kullanmaktan ka\u00e7\u0131n\u0131n. Bizimle ileti\u015fime ge\u00e7erek ki\u015fisel bilgilerinize eri\u015fim, bunlar\u0131n d\u00fczeltilmesini veya silinmesini talep etme hakk\u0131na sahipsiniz.<\/p>\n<p>En \u00fcst seviyede \u015feffafl\u0131\u011f\u0131 korumaya ve gizlili\u011finize her zaman sayg\u0131 g\u00f6sterilmesini sa\u011flamaya kararl\u0131y\u0131z. Gizlilik Politikam\u0131zla ilgili herhangi bir sorunuz veya endi\u015feniz varsa l\u00fctfen bizimle ileti\u015fime ge\u00e7mekten \u00e7ekinmeyin.<\/p>\n<p>Blogumuzda erotik web kameralar\u0131n\u0131n heyecan verici d\u00fcnyas\u0131n\u0131 ke\u015ffetmenin tad\u0131n\u0131 \u00e7\u0131kar\u0131rken, gizlili\u011finiz konusunda bize g\u00fcvendi\u011finiz i\u00e7in te\u015fekk\u00fcr ederiz.<\/p>\n<p>&nbsp;<\/p>","protected":false},"excerpt":{"rendered":"<p>Privacy Policy for Drogue-Douce.com Introduction Welcome to Drogue-Douce.com (&#8220;we&#8221;, &#8220;our&#8221;, or &#8220;us&#8221;). We respect your privacy and are committed to [&hellip;]<\/p>","protected":false},"author":1,"featured_media":0,"parent":0,"menu_order":0,"comment_status":"closed","ping_status":"closed","template":"","meta":{"footnotes":""},"class_list":["post-42","page","type-page","status-publish","hentry"],"yoast_head":"<!-- This site is optimized with the Yoast SEO plugin v20.13 - https:\/\/yoast.com\/wordpress\/plugins\/seo\/ -->\n<title>Privacy -<\/title>\n<meta name=\"robots\" content=\"index, follow, max-snippet:-1, max-image-preview:large, max-video-preview:-1\" \/>\n<link rel=\"canonical\" href=\"https:\/\/drogue-douce.com\/tr\/konfidenczialnost\/\" \/>\n<meta property=\"og:locale\" content=\"tr_TR\" \/>\n<meta property=\"og:type\" content=\"article\" \/>\n<meta property=\"og:title\" content=\"Privacy -\" \/>\n<meta property=\"og:description\" content=\"Privacy Policy for Drogue-Douce.com Introduction Welcome to Drogue-Douce.com (&#8220;we&#8221;, &#8220;our&#8221;, or &#8220;us&#8221;). We respect your privacy and are committed to [&hellip;]\" \/>\n<meta property=\"og:url\" content=\"https:\/\/drogue-douce.com\/tr\/konfidenczialnost\/\" \/>\n<meta property=\"article:modified_time\" content=\"2023-09-24T13:31:45+00:00\" \/>\n<meta name=\"twitter:card\" content=\"summary_large_image\" \/>\n<meta name=\"twitter:label1\" content=\"Tahmini okuma s\u00fcresi\" \/>\n\t<meta name=\"twitter:data1\" content=\"3 dakika\" \/>\n<script type=\"application\/ld+json\" class=\"yoast-schema-graph\">{\"@context\":\"https:\/\/schema.org\",\"@graph\":[{\"@type\":\"WebPage\",\"@id\":\"https:\/\/drogue-douce.com\/konfidenczialnost\/\",\"url\":\"https:\/\/drogue-douce.com\/konfidenczialnost\/\",\"name\":\"Privacy -\",\"isPartOf\":{\"@id\":\"https:\/\/drogue-douce.com\/#website\"},\"datePublished\":\"2023-08-08T16:56:50+00:00\",\"dateModified\":\"2023-09-24T13:31:45+00:00\",\"breadcrumb\":{\"@id\":\"https:\/\/drogue-douce.com\/konfidenczialnost\/#breadcrumb\"},\"inLanguage\":\"tr\",\"potentialAction\":[{\"@type\":\"ReadAction\",\"target\":[\"https:\/\/drogue-douce.com\/konfidenczialnost\/\"]}]},{\"@type\":\"BreadcrumbList\",\"@id\":\"https:\/\/drogue-douce.com\/konfidenczialnost\/#breadcrumb\",\"itemListElement\":[{\"@type\":\"ListItem\",\"position\":1,\"name\":\"\u0413\u043b\u0430\u0432\u043d\u0430\u044f \u0441\u0442\u0440\u0430\u043d\u0438\u0446\u0430\",\"item\":\"https:\/\/drogue-douce.com\/\"},{\"@type\":\"ListItem\",\"position\":2,\"name\":\"Privacy\"}]},{\"@type\":\"WebSite\",\"@id\":\"https:\/\/drogue-douce.com\/#website\",\"url\":\"https:\/\/drogue-douce.com\/\",\"name\":\"\",\"description\":\"Dive into the captivating realm of Adult Webcam World, your ultimate destination for a visual feast\",\"potentialAction\":[{\"@type\":\"SearchAction\",\"target\":{\"@type\":\"EntryPoint\",\"urlTemplate\":\"https:\/\/drogue-douce.com\/?s={search_term_string}\"},\"query-input\":\"required name=search_term_string\"}],\"inLanguage\":\"tr\"}]}<\/script>\n<!-- \/ Yoast SEO plugin. -->","yoast_head_json":{"title":"Privacy -","robots":{"index":"index","follow":"follow","max-snippet":"max-snippet:-1","max-image-preview":"max-image-preview:large","max-video-preview":"max-video-preview:-1"},"canonical":"https:\/\/drogue-douce.com\/tr\/konfidenczialnost\/","og_locale":"tr_TR","og_type":"article","og_title":"Privacy -","og_description":"Privacy Policy for Drogue-Douce.com Introduction Welcome to Drogue-Douce.com (&#8220;we&#8221;, &#8220;our&#8221;, or &#8220;us&#8221;). We respect your privacy and are committed to [&hellip;]","og_url":"https:\/\/drogue-douce.com\/tr\/konfidenczialnost\/","article_modified_time":"2023-09-24T13:31:45+00:00","twitter_card":"summary_large_image","twitter_misc":{"Tahmini okuma s\u00fcresi":"3 dakika"},"schema":{"@context":"https:\/\/schema.org","@graph":[{"@type":"WebPage","@id":"https:\/\/drogue-douce.com\/konfidenczialnost\/","url":"https:\/\/drogue-douce.com\/konfidenczialnost\/","name":"Privacy -","isPartOf":{"@id":"https:\/\/drogue-douce.com\/#website"},"datePublished":"2023-08-08T16:56:50+00:00","dateModified":"2023-09-24T13:31:45+00:00","breadcrumb":{"@id":"https:\/\/drogue-douce.com\/konfidenczialnost\/#breadcrumb"},"inLanguage":"tr","potentialAction":[{"@type":"ReadAction","target":["https:\/\/drogue-douce.com\/konfidenczialnost\/"]}]},{"@type":"BreadcrumbList","@id":"https:\/\/drogue-douce.com\/konfidenczialnost\/#breadcrumb","itemListElement":[{"@type":"ListItem","position":1,"name":"\u0413\u043b\u0430\u0432\u043d\u0430\u044f \u0441\u0442\u0440\u0430\u043d\u0438\u0446\u0430","item":"https:\/\/drogue-douce.com\/"},{"@type":"ListItem","position":2,"name":"Privacy"}]},{"@type":"WebSite","@id":"https:\/\/drogue-douce.com\/#website","url":"https:\/\/drogue-douce.com\/","name":"","description":"Dive into the captivating realm of Adult Webcam World, your ultimate destination for a visual feast","potentialAction":[{"@type":"SearchAction","target":{"@type":"EntryPoint","urlTemplate":"https:\/\/drogue-douce.com\/?s={search_term_string}"},"query-input":"required name=search_term_string"}],"inLanguage":"tr"}]}},"_links":{"self":[{"href":"https:\/\/drogue-douce.com\/tr\/wp-json\/wp\/v2\/pages\/42","targetHints":{"allow":["GET"]}}],"collection":[{"href":"https:\/\/drogue-douce.com\/tr\/wp-json\/wp\/v2\/pages"}],"about":[{"href":"https:\/\/drogue-douce.com\/tr\/wp-json\/wp\/v2\/types\/page"}],"author":[{"embeddable":true,"href":"https:\/\/drogue-douce.com\/tr\/wp-json\/wp\/v2\/users\/1"}],"replies":[{"embeddable":true,"href":"https:\/\/drogue-douce.com\/tr\/wp-json\/wp\/v2\/comments?post=42"}],"version-history":[{"count":5,"href":"https:\/\/drogue-douce.com\/tr\/wp-json\/wp\/v2\/pages\/42\/revisions"}],"predecessor-version":[{"id":207,"href":"https:\/\/drogue-douce.com\/tr\/wp-json\/wp\/v2\/pages\/42\/revisions\/207"}],"wp:attachment":[{"href":"https:\/\/drogue-douce.com\/tr\/wp-json\/wp\/v2\/media?parent=42"}],"curies":[{"name":"wp","href":"https:\/\/api.w.org\/{rel}","templated":true}]}}