{"id":44,"date":"2023-08-08T16:57:06","date_gmt":"2023-08-08T16:57:06","guid":{"rendered":"https:\/\/defiscalisant.com\/?page_id=44"},"modified":"2023-09-24T13:29:38","modified_gmt":"2023-09-24T13:29:38","slug":"o-nas","status":"publish","type":"page","link":"https:\/\/drogue-douce.com\/sl\/o-nas\/","title":{"rendered":"O na\u0161em blogu o eroti\u010dni spletni kameri"},"content":{"rendered":"<p><em>Odkrijte svet \u010dutnega raziskovanja<\/em><\/p>\n<p>Ste se pripravljeni potopiti v razburljiv, skrivnosten in o\u010darljiv svet eroti\u010dnih spletnih kamer? Ne i\u0161\u010dite dlje od na\u0161ega bloga o eroti\u010dni spletni kameri, va\u0161ega najbolj\u0161ega vodnika po svetu, kjer fantazije o\u017eivijo in se meje \u010dutnosti dvignejo v nove vi\u0161ave.<\/p>\n<p><strong>Raziskovanje \u017eelje v digitalni dobi<\/strong><\/p>\n<p>V dobi interneta se je \u010dlove\u0161ka povezava razvila na ne\u0161teto na\u010dinov. Eden najbolj razburljivih na\u010dinov za zabavo in raziskovanje odraslih so eroti\u010dne spletne kamere. Na\u0161 blog je tu, da vas popelje na vznemirljivo potovanje skozi to zanimivo kraljestvo.<\/p>\n<p><strong>Zakladnica vsebine<\/strong><\/p>\n<p>Na\u0161 blog o eroti\u010dni spletni kameri ponuja zakladnico vsebine za tiste, ki i\u0161\u010dejo poglobljeno in razburljivo izku\u0161njo. Tukaj lahko pri\u010dakujete:<\/p>\n<ol>\n<li><strong>Cvr\u010de\u010de objave v spletnem dnevniku:<\/strong> Na\u0161a ekipa strastnih piscev se poglobi v ne\u0161teto tem, povezanih z eroti\u010dnimi spletnimi kamerami. Poskrbeli smo za vas, od nasvetov za izbolj\u0161anje va\u0161ih spletnih sre\u010danj do poglobljenih pregledov najbolj vro\u010dih modelov in spletnih mest.<\/li>\n<li><strong>Fotogalerije:<\/strong> Napasite si o\u010di ob iskrivih fotografijah najbolj privla\u010dnih nastopajo\u010dih s spletno kamero. Te slike so ve\u010d kot le posnetki; so praznovanje \u010dlove\u0161ke oblike v vsej njeni lepoti.<\/li>\n<li><strong>Video vitrine:<\/strong> Potopite se globlje v svet eroti\u010dnih spletnih kamer z na\u0161imi skrbno izbranimi video vitrinami. Okusite, kaj ponujajo ti o\u010darljivi izvajalci.<\/li>\n<li><strong>Zgodbe uporabnikov:<\/strong> Poslu\u0161ajte resni\u010dne ljudi, ki so se podali v svet eroti\u010dnih spletnih kamer. Njihove zgodbe in izku\u0161nje bodo navdu\u0161ile in navdihnile.<\/li>\n<\/ol>\n<p><strong>Varna in spo\u0161tljiva skupnost<\/strong><\/p>\n<p>Zavezani smo k spodbujanju varne, spo\u0161tljive in vklju\u010dujo\u010de skupnosti. Poudarjamo pomen soglasja, meja in skrajnega spo\u0161tovanja do vsakega posameznika. Na\u0161 blog je prostor, kjer lahko odprti odrasli svobodno, brez obsojanja raziskujejo svoje \u017eelje.<\/p>\n<p><strong>Va\u0161e potovanje se za\u010dne tukaj<\/strong><\/p>\n<p>Ne glede na to, ali ste izku\u0161en navdu\u0161enec ali novinec v svetu eroti\u010dnih spletnih kamer, ima na\u0161 blog za vsakogar nekaj. Na\u0161e poslanstvo je zagotoviti vir, ki zabava, izobra\u017euje in krepi posameznike, da sprejmejo svoje \u017eelje in radovednosti.<\/p>","protected":false},"excerpt":{"rendered":"<p>Discover the World of Sensual Exploration Are you ready to dive into the exciting, mysterious, and captivating world of erotic [&hellip;]<\/p>","protected":false},"author":1,"featured_media":0,"parent":0,"menu_order":0,"comment_status":"closed","ping_status":"closed","template":"","meta":{"footnotes":""},"class_list":["post-44","page","type-page","status-publish","hentry"],"yoast_head":"<!-- This site is optimized with the Yoast SEO plugin v20.13 - https:\/\/yoast.com\/wordpress\/plugins\/seo\/ -->\n<title>About our erotic webcam blog -<\/title>\n<meta name=\"robots\" content=\"index, follow, max-snippet:-1, max-image-preview:large, max-video-preview:-1\" \/>\n<link rel=\"canonical\" href=\"https:\/\/drogue-douce.com\/sl\/o-nas\/\" \/>\n<meta property=\"og:locale\" content=\"sl_SI\" \/>\n<meta property=\"og:type\" content=\"article\" \/>\n<meta property=\"og:title\" content=\"About our erotic webcam blog -\" \/>\n<meta property=\"og:description\" content=\"Discover the World of Sensual Exploration Are you ready to dive into the exciting, mysterious, and captivating world of erotic [&hellip;]\" \/>\n<meta property=\"og:url\" content=\"https:\/\/drogue-douce.com\/sl\/o-nas\/\" \/>\n<meta property=\"article:modified_time\" content=\"2023-09-24T13:29:38+00:00\" \/>\n<meta name=\"twitter:card\" content=\"summary_large_image\" \/>\n<script type=\"application\/ld+json\" class=\"yoast-schema-graph\">{\"@context\":\"https:\/\/schema.org\",\"@graph\":[{\"@type\":\"WebPage\",\"@id\":\"https:\/\/drogue-douce.com\/o-nas\/\",\"url\":\"https:\/\/drogue-douce.com\/o-nas\/\",\"name\":\"About our erotic webcam blog -\",\"isPartOf\":{\"@id\":\"https:\/\/drogue-douce.com\/#website\"},\"datePublished\":\"2023-08-08T16:57:06+00:00\",\"dateModified\":\"2023-09-24T13:29:38+00:00\",\"breadcrumb\":{\"@id\":\"https:\/\/drogue-douce.com\/o-nas\/#breadcrumb\"},\"inLanguage\":\"sl-SI\",\"potentialAction\":[{\"@type\":\"ReadAction\",\"target\":[\"https:\/\/drogue-douce.com\/o-nas\/\"]}]},{\"@type\":\"BreadcrumbList\",\"@id\":\"https:\/\/drogue-douce.com\/o-nas\/#breadcrumb\",\"itemListElement\":[{\"@type\":\"ListItem\",\"position\":1,\"name\":\"\u0413\u043b\u0430\u0432\u043d\u0430\u044f \u0441\u0442\u0440\u0430\u043d\u0438\u0446\u0430\",\"item\":\"https:\/\/drogue-douce.com\/\"},{\"@type\":\"ListItem\",\"position\":2,\"name\":\"About our erotic webcam blog\"}]},{\"@type\":\"WebSite\",\"@id\":\"https:\/\/drogue-douce.com\/#website\",\"url\":\"https:\/\/drogue-douce.com\/\",\"name\":\"\",\"description\":\"Dive into the captivating realm of Adult Webcam World, your ultimate destination for a visual feast\",\"potentialAction\":[{\"@type\":\"SearchAction\",\"target\":{\"@type\":\"EntryPoint\",\"urlTemplate\":\"https:\/\/drogue-douce.com\/?s={search_term_string}\"},\"query-input\":\"required name=search_term_string\"}],\"inLanguage\":\"sl-SI\"}]}<\/script>\n<!-- \/ Yoast SEO plugin. -->","yoast_head_json":{"title":"About our erotic webcam blog -","robots":{"index":"index","follow":"follow","max-snippet":"max-snippet:-1","max-image-preview":"max-image-preview:large","max-video-preview":"max-video-preview:-1"},"canonical":"https:\/\/drogue-douce.com\/sl\/o-nas\/","og_locale":"sl_SI","og_type":"article","og_title":"About our erotic webcam blog -","og_description":"Discover the World of Sensual Exploration Are you ready to dive into the exciting, mysterious, and captivating world of erotic [&hellip;]","og_url":"https:\/\/drogue-douce.com\/sl\/o-nas\/","article_modified_time":"2023-09-24T13:29:38+00:00","twitter_card":"summary_large_image","schema":{"@context":"https:\/\/schema.org","@graph":[{"@type":"WebPage","@id":"https:\/\/drogue-douce.com\/o-nas\/","url":"https:\/\/drogue-douce.com\/o-nas\/","name":"About our erotic webcam blog -","isPartOf":{"@id":"https:\/\/drogue-douce.com\/#website"},"datePublished":"2023-08-08T16:57:06+00:00","dateModified":"2023-09-24T13:29:38+00:00","breadcrumb":{"@id":"https:\/\/drogue-douce.com\/o-nas\/#breadcrumb"},"inLanguage":"sl-SI","potentialAction":[{"@type":"ReadAction","target":["https:\/\/drogue-douce.com\/o-nas\/"]}]},{"@type":"BreadcrumbList","@id":"https:\/\/drogue-douce.com\/o-nas\/#breadcrumb","itemListElement":[{"@type":"ListItem","position":1,"name":"\u0413\u043b\u0430\u0432\u043d\u0430\u044f \u0441\u0442\u0440\u0430\u043d\u0438\u0446\u0430","item":"https:\/\/drogue-douce.com\/"},{"@type":"ListItem","position":2,"name":"About our erotic webcam blog"}]},{"@type":"WebSite","@id":"https:\/\/drogue-douce.com\/#website","url":"https:\/\/drogue-douce.com\/","name":"","description":"Dive into the captivating realm of Adult Webcam World, your ultimate destination for a visual feast","potentialAction":[{"@type":"SearchAction","target":{"@type":"EntryPoint","urlTemplate":"https:\/\/drogue-douce.com\/?s={search_term_string}"},"query-input":"required name=search_term_string"}],"inLanguage":"sl-SI"}]}},"_links":{"self":[{"href":"https:\/\/drogue-douce.com\/sl\/wp-json\/wp\/v2\/pages\/44","targetHints":{"allow":["GET"]}}],"collection":[{"href":"https:\/\/drogue-douce.com\/sl\/wp-json\/wp\/v2\/pages"}],"about":[{"href":"https:\/\/drogue-douce.com\/sl\/wp-json\/wp\/v2\/types\/page"}],"author":[{"embeddable":true,"href":"https:\/\/drogue-douce.com\/sl\/wp-json\/wp\/v2\/users\/1"}],"replies":[{"embeddable":true,"href":"https:\/\/drogue-douce.com\/sl\/wp-json\/wp\/v2\/comments?post=44"}],"version-history":[{"count":2,"href":"https:\/\/drogue-douce.com\/sl\/wp-json\/wp\/v2\/pages\/44\/revisions"}],"predecessor-version":[{"id":205,"href":"https:\/\/drogue-douce.com\/sl\/wp-json\/wp\/v2\/pages\/44\/revisions\/205"}],"wp:attachment":[{"href":"https:\/\/drogue-douce.com\/sl\/wp-json\/wp\/v2\/media?parent=44"}],"curies":[{"name":"wp","href":"https:\/\/api.w.org\/{rel}","templated":true}]}}