{"id":42,"date":"2023-08-08T16:56:50","date_gmt":"2023-08-08T16:56:50","guid":{"rendered":"https:\/\/defiscalisant.com\/?page_id=42"},"modified":"2023-09-24T13:31:45","modified_gmt":"2023-09-24T13:31:45","slug":"konfidenczialnost","status":"publish","type":"page","link":"https:\/\/drogue-douce.com\/sl\/konfidenczialnost\/","title":{"rendered":"Zasebnost"},"content":{"rendered":"<p><strong>Politika zasebnosti za Drogue-Douce.com<\/strong><\/p>\n<p><strong>Uvod<\/strong><\/p>\n<p>Dobrodo\u0161li na Drogue-Douce.com (\u00bbmi\u00ab, \u00bbna\u0161\u00ab ali \u00bbnas\u00ab). Spo\u0161tujemo va\u0161o zasebnost in se zavezujemo k varovanju va\u0161ih osebnih podatkov. Ta pravilnik o zasebnosti pojasnjuje, kako zbiramo, uporabljamo in delimo va\u0161e osebne podatke ter va\u0161e pravice v zvezi z va\u0161imi osebnimi podatki.<\/p>\n<p>Z uporabo na\u0161e spletne strani se strinjate s pogoji tega pravilnika o zasebnosti.<\/p>\n<p>Na na\u0161em blogu Erotic Webcam se zavedamo pomena zasebnosti v dana\u0161nji digitalni pokrajini. Predani smo zagotavljanju, da je va\u0161a zasebnost za\u0161\u010ditena, va\u0161a spletna izku\u0161nja pa varna in prijetna.<\/p>\n<p><strong>Razumevanje na\u0161e politike zasebnosti<\/strong><\/p>\n<p>Ta pravilnik o zasebnosti opisuje, kako zbiramo, uporabljamo in varujemo va\u0161e osebne podatke. Z uporabo na\u0161e spletne strani se strinjate s pogoji, opisanimi v tem pravilniku.<\/p>\n<ol>\n<li><strong>Podatki, ki jih zbiramo:<\/strong>\n<ul>\n<li><em>Osebne informacije:<\/em> Zbiramo lahko osebne podatke, kot so va\u0161e ime, e-po\u0161tni naslov in vse druge informacije, ki jih prostovoljno posredujete, ko komunicirate z na\u0161im spletnim mestom, se naro\u010dite na na\u0161e glasilo ali sodelujete v kakr\u0161nih koli anketah ali tekmovanjih.<\/li>\n<li><em>Informacije o uporabi:<\/em> Zbiramo neosebne podatke o tem, kako uporabljate na\u0161o spletno stran, vklju\u010dno z va\u0161imi vzorci brskanja, stranmi, ki jih obi\u0161\u010dete, in trajanjem va\u0161ega bivanja. To nam pomaga izbolj\u0161ati uporabni\u0161ko izku\u0161njo in prilagoditi vsebino va\u0161im \u017eeljam.<\/li>\n<\/ul>\n<\/li>\n<li><strong>Kako uporabljamo va\u0161e podatke:<\/strong>\n<ul>\n<li><em>Prilagojena izku\u0161nja:<\/em> Va\u0161i podatki nam pomagajo prilagoditi na\u0161o vsebino, da bo bolje ustrezala va\u0161im interesom in \u017eeljam ter vam tako zagotovili bolj prilagojeno izku\u0161njo na na\u0161em blogu.<\/li>\n<li><em>Komunikacija:<\/em> Va\u0161 e-po\u0161tni naslov lahko uporabimo za po\u0161iljanje posodobitev, glasil, promocijskih ponudb ali odgovorov na povpra\u0161evanja. Od teh sporo\u010dil se lahko kadar koli odjavite.<\/li>\n<\/ul>\n<\/li>\n<li><strong>Za\u0161\u010dita va\u0161ih podatkov:<\/strong>\n<ul>\n<li><em>Varnost podatkov:<\/em> Uporabljamo zanesljive varnostne ukrepe za za\u0161\u010dito va\u0161ih osebnih podatkov pred nepoobla\u0161\u010denim dostopom, razkritjem, spreminjanjem ali uni\u010denjem.<\/li>\n<li><em>Dostop tretjih oseb:<\/em> Va\u0161ih osebnih podatkov ne prodajamo, trgujemo ali prena\u0161amo zunanjim osebam. Vendar to ne vklju\u010duje zaupanja vrednih tretjih oseb, ki nam pomagajo pri upravljanju na\u0161ega spletnega mesta ali vodenju na\u0161ega poslovanja, \u010de se strinjajo, da bodo te informacije ohranile zaupne.<\/li>\n<\/ul>\n<\/li>\n<li><strong>Pi\u0161kotki:<\/strong>\n<ul>\n<li><em>Uporaba pi\u0161kotkov:<\/em> Za izbolj\u0161anje va\u0161e izku\u0161nje brskanja uporabljamo pi\u0161kotke, ki so majhne datoteke, shranjene na va\u0161i napravi. Ti pi\u0161kotki nam pomagajo analizirati promet na spletnem mestu, si zapomniti va\u0161e nastavitve in izbolj\u0161ati na\u0161e spletno mesto.<\/li>\n<li><em>Nadzor pi\u0161kotkov:<\/em> Pi\u0161kotke lahko sprejmete ali zavrnete. Ve\u010dina spletnih brskalnikov samodejno sprejme pi\u0161kotke, vendar lahko obi\u010dajno spremenite nastavitve brskalnika, da zavrne pi\u0161kotke, \u010de \u017eelite.<\/li>\n<\/ul>\n<\/li>\n<li><strong>Povezave tretjih oseb:<\/strong>\n<ul>\n<li>Na\u0161e spletno mesto lahko vsebuje povezave do zunanjih spletnih mest. Zavedajte se, da nismo odgovorni za vsebino ali prakse glede zasebnosti teh spletnih mest tretjih oseb. Svetujemo vam, da pregledate pravilnike o zasebnosti vseh spletnih mest, ki jih obi\u0161\u010dete.<\/li>\n<\/ul>\n<\/li>\n<\/ol>\n<p><strong>Va\u0161e soglasje in nadzor:<\/strong><\/p>\n<p>Z uporabo na\u0161ega bloga o eroti\u010dni spletni kameri se strinjate z na\u0161o politiko zasebnosti. \u010ce se s tem pravilnikom ne strinjate, vas prosimo, da ne uporabljate na\u0161ega spletnega mesta. Pravico imate zahtevati dostop do, popravek ali izbris va\u0161ih osebnih podatkov tako, da nas kontaktirate.<\/p>\n<p>Zavezani smo k \u010dim ve\u010dji preglednosti in zagotavljanju, da se va\u0161a zasebnost vedno spo\u0161tuje. \u010ce imate kakr\u0161na koli vpra\u0161anja ali pomisleke glede na\u0161ega pravilnika o zasebnosti, nas kontaktirajte.<\/p>\n<p>Hvala, ker ste nam zaupali svojo zasebnost, medtem ko u\u017eivate v raziskovanju razburljivega sveta eroti\u010dnih spletnih kamer na na\u0161em blogu.<\/p>\n<p>&nbsp;<\/p>","protected":false},"excerpt":{"rendered":"<p>Privacy Policy for Drogue-Douce.com Introduction Welcome to Drogue-Douce.com (&#8220;we&#8221;, &#8220;our&#8221;, or &#8220;us&#8221;). We respect your privacy and are committed to [&hellip;]<\/p>","protected":false},"author":1,"featured_media":0,"parent":0,"menu_order":0,"comment_status":"closed","ping_status":"closed","template":"","meta":{"footnotes":""},"class_list":["post-42","page","type-page","status-publish","hentry"],"yoast_head":"<!-- This site is optimized with the Yoast SEO plugin v20.13 - https:\/\/yoast.com\/wordpress\/plugins\/seo\/ -->\n<title>Privacy -<\/title>\n<meta name=\"robots\" content=\"index, follow, max-snippet:-1, max-image-preview:large, max-video-preview:-1\" \/>\n<link rel=\"canonical\" href=\"https:\/\/drogue-douce.com\/sl\/konfidenczialnost\/\" \/>\n<meta property=\"og:locale\" content=\"sl_SI\" \/>\n<meta property=\"og:type\" content=\"article\" \/>\n<meta property=\"og:title\" content=\"Privacy -\" \/>\n<meta property=\"og:description\" content=\"Privacy Policy for Drogue-Douce.com Introduction Welcome to Drogue-Douce.com (&#8220;we&#8221;, &#8220;our&#8221;, or &#8220;us&#8221;). We respect your privacy and are committed to [&hellip;]\" \/>\n<meta property=\"og:url\" content=\"https:\/\/drogue-douce.com\/sl\/konfidenczialnost\/\" \/>\n<meta property=\"article:modified_time\" content=\"2023-09-24T13:31:45+00:00\" \/>\n<meta name=\"twitter:card\" content=\"summary_large_image\" \/>\n<meta name=\"twitter:label1\" content=\"Est. reading time\" \/>\n\t<meta name=\"twitter:data1\" content=\"3 minute\" \/>\n<script type=\"application\/ld+json\" class=\"yoast-schema-graph\">{\"@context\":\"https:\/\/schema.org\",\"@graph\":[{\"@type\":\"WebPage\",\"@id\":\"https:\/\/drogue-douce.com\/konfidenczialnost\/\",\"url\":\"https:\/\/drogue-douce.com\/konfidenczialnost\/\",\"name\":\"Privacy -\",\"isPartOf\":{\"@id\":\"https:\/\/drogue-douce.com\/#website\"},\"datePublished\":\"2023-08-08T16:56:50+00:00\",\"dateModified\":\"2023-09-24T13:31:45+00:00\",\"breadcrumb\":{\"@id\":\"https:\/\/drogue-douce.com\/konfidenczialnost\/#breadcrumb\"},\"inLanguage\":\"sl-SI\",\"potentialAction\":[{\"@type\":\"ReadAction\",\"target\":[\"https:\/\/drogue-douce.com\/konfidenczialnost\/\"]}]},{\"@type\":\"BreadcrumbList\",\"@id\":\"https:\/\/drogue-douce.com\/konfidenczialnost\/#breadcrumb\",\"itemListElement\":[{\"@type\":\"ListItem\",\"position\":1,\"name\":\"\u0413\u043b\u0430\u0432\u043d\u0430\u044f \u0441\u0442\u0440\u0430\u043d\u0438\u0446\u0430\",\"item\":\"https:\/\/drogue-douce.com\/\"},{\"@type\":\"ListItem\",\"position\":2,\"name\":\"Privacy\"}]},{\"@type\":\"WebSite\",\"@id\":\"https:\/\/drogue-douce.com\/#website\",\"url\":\"https:\/\/drogue-douce.com\/\",\"name\":\"\",\"description\":\"Dive into the captivating realm of Adult Webcam World, your ultimate destination for a visual feast\",\"potentialAction\":[{\"@type\":\"SearchAction\",\"target\":{\"@type\":\"EntryPoint\",\"urlTemplate\":\"https:\/\/drogue-douce.com\/?s={search_term_string}\"},\"query-input\":\"required name=search_term_string\"}],\"inLanguage\":\"sl-SI\"}]}<\/script>\n<!-- \/ Yoast SEO plugin. -->","yoast_head_json":{"title":"Privacy -","robots":{"index":"index","follow":"follow","max-snippet":"max-snippet:-1","max-image-preview":"max-image-preview:large","max-video-preview":"max-video-preview:-1"},"canonical":"https:\/\/drogue-douce.com\/sl\/konfidenczialnost\/","og_locale":"sl_SI","og_type":"article","og_title":"Privacy -","og_description":"Privacy Policy for Drogue-Douce.com Introduction Welcome to Drogue-Douce.com (&#8220;we&#8221;, &#8220;our&#8221;, or &#8220;us&#8221;). We respect your privacy and are committed to [&hellip;]","og_url":"https:\/\/drogue-douce.com\/sl\/konfidenczialnost\/","article_modified_time":"2023-09-24T13:31:45+00:00","twitter_card":"summary_large_image","twitter_misc":{"Est. reading time":"3 minute"},"schema":{"@context":"https:\/\/schema.org","@graph":[{"@type":"WebPage","@id":"https:\/\/drogue-douce.com\/konfidenczialnost\/","url":"https:\/\/drogue-douce.com\/konfidenczialnost\/","name":"Privacy -","isPartOf":{"@id":"https:\/\/drogue-douce.com\/#website"},"datePublished":"2023-08-08T16:56:50+00:00","dateModified":"2023-09-24T13:31:45+00:00","breadcrumb":{"@id":"https:\/\/drogue-douce.com\/konfidenczialnost\/#breadcrumb"},"inLanguage":"sl-SI","potentialAction":[{"@type":"ReadAction","target":["https:\/\/drogue-douce.com\/konfidenczialnost\/"]}]},{"@type":"BreadcrumbList","@id":"https:\/\/drogue-douce.com\/konfidenczialnost\/#breadcrumb","itemListElement":[{"@type":"ListItem","position":1,"name":"\u0413\u043b\u0430\u0432\u043d\u0430\u044f \u0441\u0442\u0440\u0430\u043d\u0438\u0446\u0430","item":"https:\/\/drogue-douce.com\/"},{"@type":"ListItem","position":2,"name":"Privacy"}]},{"@type":"WebSite","@id":"https:\/\/drogue-douce.com\/#website","url":"https:\/\/drogue-douce.com\/","name":"","description":"Dive into the captivating realm of Adult Webcam World, your ultimate destination for a visual feast","potentialAction":[{"@type":"SearchAction","target":{"@type":"EntryPoint","urlTemplate":"https:\/\/drogue-douce.com\/?s={search_term_string}"},"query-input":"required name=search_term_string"}],"inLanguage":"sl-SI"}]}},"_links":{"self":[{"href":"https:\/\/drogue-douce.com\/sl\/wp-json\/wp\/v2\/pages\/42","targetHints":{"allow":["GET"]}}],"collection":[{"href":"https:\/\/drogue-douce.com\/sl\/wp-json\/wp\/v2\/pages"}],"about":[{"href":"https:\/\/drogue-douce.com\/sl\/wp-json\/wp\/v2\/types\/page"}],"author":[{"embeddable":true,"href":"https:\/\/drogue-douce.com\/sl\/wp-json\/wp\/v2\/users\/1"}],"replies":[{"embeddable":true,"href":"https:\/\/drogue-douce.com\/sl\/wp-json\/wp\/v2\/comments?post=42"}],"version-history":[{"count":5,"href":"https:\/\/drogue-douce.com\/sl\/wp-json\/wp\/v2\/pages\/42\/revisions"}],"predecessor-version":[{"id":207,"href":"https:\/\/drogue-douce.com\/sl\/wp-json\/wp\/v2\/pages\/42\/revisions\/207"}],"wp:attachment":[{"href":"https:\/\/drogue-douce.com\/sl\/wp-json\/wp\/v2\/media?parent=42"}],"curies":[{"name":"wp","href":"https:\/\/api.w.org\/{rel}","templated":true}]}}