{"id":44,"date":"2023-08-08T16:57:06","date_gmt":"2023-08-08T16:57:06","guid":{"rendered":"https:\/\/defiscalisant.com\/?page_id=44"},"modified":"2023-09-24T13:29:38","modified_gmt":"2023-09-24T13:29:38","slug":"o-nas","status":"publish","type":"page","link":"https:\/\/drogue-douce.com\/pl\/o-nas\/","title":{"rendered":"O naszym blogu o erotycznych kamerach internetowych"},"content":{"rendered":"<p><em>Odkryj \u015bwiat zmys\u0142owych eksploracji<\/em><\/p>\n<p>Czy jeste\u015b gotowy, aby zanurzy\u0107 si\u0119 w ekscytuj\u0105cy, tajemniczy i urzekaj\u0105cy \u015bwiat erotycznych kamer internetowych? Nie szukaj dalej ni\u017c nasz blog o erotycznych kamerach internetowych, Tw\u00f3j najlepszy przewodnik po \u015bwiecie, w kt\u00f3rym fantazje o\u017cywaj\u0105, a granice zmys\u0142owo\u015bci przesuwaj\u0105 si\u0119 na nowy poziom.<\/p>\n<p><strong>Odkrywanie po\u017c\u0105dania w epoce cyfrowej<\/strong><\/p>\n<p>W dobie Internetu relacje mi\u0119dzyludzkie ewoluowa\u0142y na niezliczone sposoby. Jedn\u0105 z najbardziej ekscytuj\u0105cych dr\u00f3g rozrywki i eksploracji dla doros\u0142ych s\u0105 erotyczne kamery internetowe. Nasz blog jest tutaj, aby zabra\u0107 Ci\u0119 w ekscytuj\u0105c\u0105 podr\u00f3\u017c po tej intryguj\u0105cej krainie.<\/p>\n<p><strong>Skarbnica tre\u015bci<\/strong><\/p>\n<p>Nasz blog o erotycznych kamerach internetowych oferuje skarbnic\u0119 tre\u015bci dla os\u00f3b poszukuj\u0105cych wci\u0105gaj\u0105cych i ekscytuj\u0105cych wra\u017ce\u0144. Oto, czego mo\u017cesz si\u0119 spodziewa\u0107:<\/p>\n<ol>\n<li><strong>Gor\u0105ce posty na blogu:<\/strong> Nasz zesp\u00f3\u0142 pisarzy z pasj\u0105 zag\u0142\u0119bia si\u0119 w niezliczone tematy zwi\u0105zane z kamerami erotycznymi. Od wskaz\u00f3wek, jak ulepszy\u0107 swoje spotkania online, po szczeg\u00f3\u0142owe recenzje najgor\u0119tszych modelek i witryn \u2013 mamy wszystko, czego potrzebujesz.<\/li>\n<li><strong>Galerie zdj\u0119\u0107:<\/strong> Naciesz oczy ol\u015bniewaj\u0105cymi zdj\u0119ciami najbardziej poci\u0105gaj\u0105cych artyst\u00f3w z kamer internetowych. Te obrazy to co\u015b wi\u0119cej ni\u017c tylko migawki; s\u0105 celebracj\u0105 ludzkiej postaci w ca\u0142ym jej pi\u0119knie.<\/li>\n<li><strong>Prezentacje wideo:<\/strong> Zanurz si\u0119 g\u0142\u0119biej w \u015bwiat erotycznych kamer internetowych dzi\u0119ki naszym starannie dobranym prezentacjom wideo. Posmakuj tego, co maj\u0105 do zaoferowania ci urzekaj\u0105cy wykonawcy.<\/li>\n<li><strong>Historie u\u017cytkownika:<\/strong> Pos\u0142uchaj opinii prawdziwych ludzi, kt\u00f3rzy odwa\u017cyli si\u0119 wej\u015b\u0107 do \u015bwiata erotycznych kamer internetowych. Ich historie i do\u015bwiadczenia b\u0119d\u0105 intrygowa\u0107 i inspirowa\u0107.<\/li>\n<\/ol>\n<p><strong>Bezpieczna i pe\u0142na szacunku spo\u0142eczno\u015b\u0107<\/strong><\/p>\n<p>Zale\u017cy nam na budowaniu bezpiecznej, pe\u0142nej szacunku i w\u0142\u0105czaj\u0105cej spo\u0142eczno\u015bci. Podkre\u015blamy znaczenie zgody, granic i traktowania ka\u017cdej osoby z najwy\u017cszym szacunkiem. Nasz blog to przestrze\u0144, w kt\u00f3rej otwarci doro\u015bli mog\u0105 swobodnie i bez oceniania odkrywa\u0107 swoje pragnienia.<\/p>\n<p><strong>Twoja podr\u00f3\u017c zaczyna si\u0119 tutaj<\/strong><\/p>\n<p>Niezale\u017cnie od tego, czy jeste\u015b do\u015bwiadczonym entuzjast\u0105, czy nowicjuszem w \u015bwiecie erotycznych kamer internetowych, na naszym blogu ka\u017cdy znajdzie co\u015b dla siebie. Nasz\u0105 misj\u0105 jest zapewnienie zasob\u00f3w, kt\u00f3re bawi\u0105, kszta\u0142c\u0105 i umo\u017cliwiaj\u0105 jednostkom realizacj\u0119 ich pragnie\u0144 i ciekawostek.<\/p>","protected":false},"excerpt":{"rendered":"<p>Discover the World of Sensual Exploration Are you ready to dive into the exciting, mysterious, and captivating world of erotic [&hellip;]<\/p>","protected":false},"author":1,"featured_media":0,"parent":0,"menu_order":0,"comment_status":"closed","ping_status":"closed","template":"","meta":{"footnotes":""},"class_list":["post-44","page","type-page","status-publish","hentry"],"yoast_head":"<!-- This site is optimized with the Yoast SEO plugin v20.13 - https:\/\/yoast.com\/wordpress\/plugins\/seo\/ -->\n<title>About our erotic webcam blog -<\/title>\n<meta name=\"robots\" content=\"index, follow, max-snippet:-1, max-image-preview:large, max-video-preview:-1\" \/>\n<link rel=\"canonical\" href=\"https:\/\/drogue-douce.com\/pl\/o-nas\/\" \/>\n<meta property=\"og:locale\" content=\"pl_PL\" \/>\n<meta property=\"og:type\" content=\"article\" \/>\n<meta property=\"og:title\" content=\"About our erotic webcam blog -\" \/>\n<meta property=\"og:description\" content=\"Discover the World of Sensual Exploration Are you ready to dive into the exciting, mysterious, and captivating world of erotic [&hellip;]\" \/>\n<meta property=\"og:url\" content=\"https:\/\/drogue-douce.com\/pl\/o-nas\/\" \/>\n<meta property=\"article:modified_time\" content=\"2023-09-24T13:29:38+00:00\" \/>\n<meta name=\"twitter:card\" content=\"summary_large_image\" \/>\n<script type=\"application\/ld+json\" class=\"yoast-schema-graph\">{\"@context\":\"https:\/\/schema.org\",\"@graph\":[{\"@type\":\"WebPage\",\"@id\":\"https:\/\/drogue-douce.com\/o-nas\/\",\"url\":\"https:\/\/drogue-douce.com\/o-nas\/\",\"name\":\"About our erotic webcam blog -\",\"isPartOf\":{\"@id\":\"https:\/\/drogue-douce.com\/#website\"},\"datePublished\":\"2023-08-08T16:57:06+00:00\",\"dateModified\":\"2023-09-24T13:29:38+00:00\",\"breadcrumb\":{\"@id\":\"https:\/\/drogue-douce.com\/o-nas\/#breadcrumb\"},\"inLanguage\":\"pl-PL\",\"potentialAction\":[{\"@type\":\"ReadAction\",\"target\":[\"https:\/\/drogue-douce.com\/o-nas\/\"]}]},{\"@type\":\"BreadcrumbList\",\"@id\":\"https:\/\/drogue-douce.com\/o-nas\/#breadcrumb\",\"itemListElement\":[{\"@type\":\"ListItem\",\"position\":1,\"name\":\"\u0413\u043b\u0430\u0432\u043d\u0430\u044f \u0441\u0442\u0440\u0430\u043d\u0438\u0446\u0430\",\"item\":\"https:\/\/drogue-douce.com\/\"},{\"@type\":\"ListItem\",\"position\":2,\"name\":\"About our erotic webcam blog\"}]},{\"@type\":\"WebSite\",\"@id\":\"https:\/\/drogue-douce.com\/#website\",\"url\":\"https:\/\/drogue-douce.com\/\",\"name\":\"\",\"description\":\"Dive into the captivating realm of Adult Webcam World, your ultimate destination for a visual feast\",\"potentialAction\":[{\"@type\":\"SearchAction\",\"target\":{\"@type\":\"EntryPoint\",\"urlTemplate\":\"https:\/\/drogue-douce.com\/?s={search_term_string}\"},\"query-input\":\"required name=search_term_string\"}],\"inLanguage\":\"pl-PL\"}]}<\/script>\n<!-- \/ Yoast SEO plugin. -->","yoast_head_json":{"title":"About our erotic webcam blog -","robots":{"index":"index","follow":"follow","max-snippet":"max-snippet:-1","max-image-preview":"max-image-preview:large","max-video-preview":"max-video-preview:-1"},"canonical":"https:\/\/drogue-douce.com\/pl\/o-nas\/","og_locale":"pl_PL","og_type":"article","og_title":"About our erotic webcam blog -","og_description":"Discover the World of Sensual Exploration Are you ready to dive into the exciting, mysterious, and captivating world of erotic [&hellip;]","og_url":"https:\/\/drogue-douce.com\/pl\/o-nas\/","article_modified_time":"2023-09-24T13:29:38+00:00","twitter_card":"summary_large_image","schema":{"@context":"https:\/\/schema.org","@graph":[{"@type":"WebPage","@id":"https:\/\/drogue-douce.com\/o-nas\/","url":"https:\/\/drogue-douce.com\/o-nas\/","name":"About our erotic webcam blog -","isPartOf":{"@id":"https:\/\/drogue-douce.com\/#website"},"datePublished":"2023-08-08T16:57:06+00:00","dateModified":"2023-09-24T13:29:38+00:00","breadcrumb":{"@id":"https:\/\/drogue-douce.com\/o-nas\/#breadcrumb"},"inLanguage":"pl-PL","potentialAction":[{"@type":"ReadAction","target":["https:\/\/drogue-douce.com\/o-nas\/"]}]},{"@type":"BreadcrumbList","@id":"https:\/\/drogue-douce.com\/o-nas\/#breadcrumb","itemListElement":[{"@type":"ListItem","position":1,"name":"\u0413\u043b\u0430\u0432\u043d\u0430\u044f \u0441\u0442\u0440\u0430\u043d\u0438\u0446\u0430","item":"https:\/\/drogue-douce.com\/"},{"@type":"ListItem","position":2,"name":"About our erotic webcam blog"}]},{"@type":"WebSite","@id":"https:\/\/drogue-douce.com\/#website","url":"https:\/\/drogue-douce.com\/","name":"","description":"Dive into the captivating realm of Adult Webcam World, your ultimate destination for a visual feast","potentialAction":[{"@type":"SearchAction","target":{"@type":"EntryPoint","urlTemplate":"https:\/\/drogue-douce.com\/?s={search_term_string}"},"query-input":"required name=search_term_string"}],"inLanguage":"pl-PL"}]}},"_links":{"self":[{"href":"https:\/\/drogue-douce.com\/pl\/wp-json\/wp\/v2\/pages\/44","targetHints":{"allow":["GET"]}}],"collection":[{"href":"https:\/\/drogue-douce.com\/pl\/wp-json\/wp\/v2\/pages"}],"about":[{"href":"https:\/\/drogue-douce.com\/pl\/wp-json\/wp\/v2\/types\/page"}],"author":[{"embeddable":true,"href":"https:\/\/drogue-douce.com\/pl\/wp-json\/wp\/v2\/users\/1"}],"replies":[{"embeddable":true,"href":"https:\/\/drogue-douce.com\/pl\/wp-json\/wp\/v2\/comments?post=44"}],"version-history":[{"count":2,"href":"https:\/\/drogue-douce.com\/pl\/wp-json\/wp\/v2\/pages\/44\/revisions"}],"predecessor-version":[{"id":205,"href":"https:\/\/drogue-douce.com\/pl\/wp-json\/wp\/v2\/pages\/44\/revisions\/205"}],"wp:attachment":[{"href":"https:\/\/drogue-douce.com\/pl\/wp-json\/wp\/v2\/media?parent=44"}],"curies":[{"name":"wp","href":"https:\/\/api.w.org\/{rel}","templated":true}]}}