{"id":42,"date":"2023-08-08T16:56:50","date_gmt":"2023-08-08T16:56:50","guid":{"rendered":"https:\/\/defiscalisant.com\/?page_id=42"},"modified":"2023-09-24T13:31:45","modified_gmt":"2023-09-24T13:31:45","slug":"konfidenczialnost","status":"publish","type":"page","link":"https:\/\/drogue-douce.com\/pl\/konfidenczialnost\/","title":{"rendered":"Prywatno\u015b\u0107"},"content":{"rendered":"<p><strong>Polityka prywatno\u015bci dla Drogue-Douce.com<\/strong><\/p>\n<p><strong>Wst\u0119p<\/strong><\/p>\n<p>Witamy na Drogue-Douce.com (\u201emy\u201d, \u201enasz\u201d lub \u201enas\u201d). Szanujemy Twoj\u0105 prywatno\u015b\u0107 i zobowi\u0105zujemy si\u0119 chroni\u0107 Twoje dane osobowe. Niniejsza Polityka prywatno\u015bci wyja\u015bni, w jaki spos\u00f3b gromadzimy, wykorzystujemy i udost\u0119pniamy Twoje dane osobowe, a tak\u017ce Twoje prawa w zwi\u0105zku z Twoimi danymi osobowymi.<\/p>\n<p>Korzystaj\u0105c z naszej witryny, wyra\u017casz zgod\u0119 na warunki niniejszej Polityki prywatno\u015bci.<\/p>\n<p>Na naszym blogu po\u015bwi\u0119conym erotycznym kamerom internetowym zdajemy sobie spraw\u0119 ze znaczenia prywatno\u015bci w dzisiejszym cyfrowym krajobrazie. Dbamy o to, aby Twoja prywatno\u015b\u0107 by\u0142a chroniona, a korzystanie z Internetu by\u0142o zar\u00f3wno bezpieczne, jak i przyjemne.<\/p>\n<p><strong>Zrozumienie naszej Polityki prywatno\u015bci<\/strong><\/p>\n<p>Niniejsza Polityka prywatno\u015bci opisuje, w jaki spos\u00f3b gromadzimy, wykorzystujemy i zabezpieczamy Twoje dane osobowe. Korzystaj\u0105c z naszej witryny, wyra\u017casz zgod\u0119 na warunki opisane w niniejszej polityce.<\/p>\n<ol>\n<li><strong>Informacje, kt\u00f3re zbieramy:<\/strong>\n<ul>\n<li><em>Informacje osobiste:<\/em> Mo\u017cemy zbiera\u0107 dane osobowe, takie jak Twoje imi\u0119 i nazwisko, adres e-mail i wszelkie inne informacje, kt\u00f3re dobrowolnie podajesz podczas interakcji z nasz\u0105 witryn\u0105, subskrypcji naszego biuletynu lub udzia\u0142u w ankietach lub konkursach.<\/li>\n<li><em>Informacje o u\u017cytkowaniu:<\/em> Gromadzimy dane nieosobowe na temat sposobu korzystania z naszej witryny, w tym wzorc\u00f3w przegl\u0105dania, odwiedzanych stron i czasu trwania pobytu. Pomaga nam to poprawi\u0107 komfort u\u017cytkowania i dostosowa\u0107 tre\u015bci do Twoich preferencji.<\/li>\n<\/ul>\n<\/li>\n<li><strong>Jak wykorzystujemy Twoje dane:<\/strong>\n<ul>\n<li><em>Dostosowane do\u015bwiadczenie:<\/em> Twoje informacje pomagaj\u0105 nam dostosowa\u0107 nasze tre\u015bci tak, aby lepiej odpowiada\u0142y Twoim zainteresowaniom i preferencjom, zapewniaj\u0105c bardziej spersonalizowane korzystanie z naszego bloga.<\/li>\n<li><em>Komunikacja:<\/em> Mo\u017cemy wykorzystywa\u0107 Tw\u00f3j adres e-mail do wysy\u0142ania Ci aktualizacji, biuletyn\u00f3w, ofert promocyjnych lub odpowiadania na zapytania. Mo\u017cesz zrezygnowa\u0107 z otrzymywania tej komunikacji w dowolnym momencie.<\/li>\n<\/ul>\n<\/li>\n<li><strong>Ochrona Twoich informacji:<\/strong>\n<ul>\n<li><em>Ochrona danych:<\/em> Stosujemy solidne \u015brodki bezpiecze\u0144stwa, aby chroni\u0107 Twoje dane osobowe przed nieuprawnionym dost\u0119pem, ujawnieniem, zmian\u0105 lub zniszczeniem.<\/li>\n<li><em>Dost\u0119p stron trzecich:<\/em> Nie sprzedajemy, nie handlujemy ani nie przekazujemy Twoich danych osobowych podmiotom zewn\u0119trznym. Nie dotyczy to jednak zaufanych stron trzecich, kt\u00f3re pomagaj\u0105 nam w obs\u0142udze naszej witryny internetowej lub prowadzeniu naszej dzia\u0142alno\u015bci, o ile wyra\u017c\u0105 one zgod\u0119 na zachowanie tych informacji w tajemnicy.<\/li>\n<\/ul>\n<\/li>\n<li><strong>Ciasteczka:<\/strong>\n<ul>\n<li><em>Wykorzystanie plik\u00f3w cookie:<\/em> U\u017cywamy plik\u00f3w cookie, czyli ma\u0142ych plik\u00f3w przechowywanych na Twoim urz\u0105dzeniu, aby poprawi\u0107 jako\u015b\u0107 przegl\u0105dania. Te pliki cookie pomagaj\u0105 nam analizowa\u0107 ruch w witrynie, zapami\u0119tywa\u0107 Twoje preferencje i ulepsza\u0107 nasz\u0105 witryn\u0119.<\/li>\n<li><em>Kontrola plik\u00f3w cookie:<\/em> Masz mo\u017cliwo\u015b\u0107 zaakceptowania lub odrzucenia plik\u00f3w cookie. Wi\u0119kszo\u015b\u0107 przegl\u0105darek internetowych automatycznie akceptuje pliki cookie, ale zazwyczaj mo\u017cesz zmodyfikowa\u0107 ustawienia przegl\u0105darki, aby odrzuca\u0107 pliki cookie, je\u015bli wolisz.<\/li>\n<\/ul>\n<\/li>\n<li><strong>Linki stron trzecich:<\/strong>\n<ul>\n<li>Nasza strona internetowa mo\u017ce zawiera\u0107 linki do stron zewn\u0119trznych. Nale\u017cy pami\u0119ta\u0107, \u017ce nie ponosimy odpowiedzialno\u015bci za tre\u015b\u0107 ani praktyki dotycz\u0105ce prywatno\u015bci stosowane w witrynach stron trzecich. Zach\u0119camy Ci\u0119 do zapoznania si\u0119 z polityk\u0105 prywatno\u015bci wszystkich odwiedzanych stron internetowych.<\/li>\n<\/ul>\n<\/li>\n<\/ol>\n<p><strong>Twoja zgoda i kontrola:<\/strong><\/p>\n<p>Korzystaj\u0105c z naszego bloga o erotycznych kamerach internetowych, wyra\u017casz zgod\u0119 na nasz\u0105 Polityk\u0119 prywatno\u015bci. Je\u017celi nie zgadzasz si\u0119 z t\u0105 polityk\u0105, prosimy o niekorzystanie z naszej strony internetowej. Masz prawo za\u017c\u0105da\u0107 dost\u0119pu do swoich danych osobowych, ich poprawienia lub usuni\u0119cia, kontaktuj\u0105c si\u0119 z nami.<\/p>\n<p>Zale\u017cy nam na zachowaniu maksymalnej przejrzysto\u015bci i zapewnieniu sta\u0142ego poszanowania Twojej prywatno\u015bci. Je\u015bli masz jakiekolwiek pytania lub w\u0105tpliwo\u015bci dotycz\u0105ce naszej Polityki prywatno\u015bci, skontaktuj si\u0119 z nami.<\/p>\n<p>Dzi\u0119kujemy, \u017ce powierzy\u0142e\u015b nam swoj\u0105 prywatno\u015b\u0107 i lubisz odkrywa\u0107 ekscytuj\u0105cy \u015bwiat erotycznych kamer internetowych na naszym blogu.<\/p>\n<p>&nbsp;<\/p>","protected":false},"excerpt":{"rendered":"<p>Privacy Policy for Drogue-Douce.com Introduction Welcome to Drogue-Douce.com (&#8220;we&#8221;, &#8220;our&#8221;, or &#8220;us&#8221;). We respect your privacy and are committed to [&hellip;]<\/p>","protected":false},"author":1,"featured_media":0,"parent":0,"menu_order":0,"comment_status":"closed","ping_status":"closed","template":"","meta":{"footnotes":""},"class_list":["post-42","page","type-page","status-publish","hentry"],"yoast_head":"<!-- This site is optimized with the Yoast SEO plugin v20.13 - https:\/\/yoast.com\/wordpress\/plugins\/seo\/ -->\n<title>Privacy -<\/title>\n<meta name=\"robots\" content=\"index, follow, max-snippet:-1, max-image-preview:large, max-video-preview:-1\" \/>\n<link rel=\"canonical\" href=\"https:\/\/drogue-douce.com\/pl\/konfidenczialnost\/\" \/>\n<meta property=\"og:locale\" content=\"pl_PL\" \/>\n<meta property=\"og:type\" content=\"article\" \/>\n<meta property=\"og:title\" content=\"Privacy -\" \/>\n<meta property=\"og:description\" content=\"Privacy Policy for Drogue-Douce.com Introduction Welcome to Drogue-Douce.com (&#8220;we&#8221;, &#8220;our&#8221;, or &#8220;us&#8221;). We respect your privacy and are committed to [&hellip;]\" \/>\n<meta property=\"og:url\" content=\"https:\/\/drogue-douce.com\/pl\/konfidenczialnost\/\" \/>\n<meta property=\"article:modified_time\" content=\"2023-09-24T13:31:45+00:00\" \/>\n<meta name=\"twitter:card\" content=\"summary_large_image\" \/>\n<meta name=\"twitter:label1\" content=\"Szacowany czas czytania\" \/>\n\t<meta name=\"twitter:data1\" content=\"3 minuty\" \/>\n<script type=\"application\/ld+json\" class=\"yoast-schema-graph\">{\"@context\":\"https:\/\/schema.org\",\"@graph\":[{\"@type\":\"WebPage\",\"@id\":\"https:\/\/drogue-douce.com\/konfidenczialnost\/\",\"url\":\"https:\/\/drogue-douce.com\/konfidenczialnost\/\",\"name\":\"Privacy -\",\"isPartOf\":{\"@id\":\"https:\/\/drogue-douce.com\/#website\"},\"datePublished\":\"2023-08-08T16:56:50+00:00\",\"dateModified\":\"2023-09-24T13:31:45+00:00\",\"breadcrumb\":{\"@id\":\"https:\/\/drogue-douce.com\/konfidenczialnost\/#breadcrumb\"},\"inLanguage\":\"pl-PL\",\"potentialAction\":[{\"@type\":\"ReadAction\",\"target\":[\"https:\/\/drogue-douce.com\/konfidenczialnost\/\"]}]},{\"@type\":\"BreadcrumbList\",\"@id\":\"https:\/\/drogue-douce.com\/konfidenczialnost\/#breadcrumb\",\"itemListElement\":[{\"@type\":\"ListItem\",\"position\":1,\"name\":\"\u0413\u043b\u0430\u0432\u043d\u0430\u044f \u0441\u0442\u0440\u0430\u043d\u0438\u0446\u0430\",\"item\":\"https:\/\/drogue-douce.com\/\"},{\"@type\":\"ListItem\",\"position\":2,\"name\":\"Privacy\"}]},{\"@type\":\"WebSite\",\"@id\":\"https:\/\/drogue-douce.com\/#website\",\"url\":\"https:\/\/drogue-douce.com\/\",\"name\":\"\",\"description\":\"Dive into the captivating realm of Adult Webcam World, your ultimate destination for a visual feast\",\"potentialAction\":[{\"@type\":\"SearchAction\",\"target\":{\"@type\":\"EntryPoint\",\"urlTemplate\":\"https:\/\/drogue-douce.com\/?s={search_term_string}\"},\"query-input\":\"required name=search_term_string\"}],\"inLanguage\":\"pl-PL\"}]}<\/script>\n<!-- \/ Yoast SEO plugin. -->","yoast_head_json":{"title":"Privacy -","robots":{"index":"index","follow":"follow","max-snippet":"max-snippet:-1","max-image-preview":"max-image-preview:large","max-video-preview":"max-video-preview:-1"},"canonical":"https:\/\/drogue-douce.com\/pl\/konfidenczialnost\/","og_locale":"pl_PL","og_type":"article","og_title":"Privacy -","og_description":"Privacy Policy for Drogue-Douce.com Introduction Welcome to Drogue-Douce.com (&#8220;we&#8221;, &#8220;our&#8221;, or &#8220;us&#8221;). We respect your privacy and are committed to [&hellip;]","og_url":"https:\/\/drogue-douce.com\/pl\/konfidenczialnost\/","article_modified_time":"2023-09-24T13:31:45+00:00","twitter_card":"summary_large_image","twitter_misc":{"Szacowany czas czytania":"3 minuty"},"schema":{"@context":"https:\/\/schema.org","@graph":[{"@type":"WebPage","@id":"https:\/\/drogue-douce.com\/konfidenczialnost\/","url":"https:\/\/drogue-douce.com\/konfidenczialnost\/","name":"Privacy -","isPartOf":{"@id":"https:\/\/drogue-douce.com\/#website"},"datePublished":"2023-08-08T16:56:50+00:00","dateModified":"2023-09-24T13:31:45+00:00","breadcrumb":{"@id":"https:\/\/drogue-douce.com\/konfidenczialnost\/#breadcrumb"},"inLanguage":"pl-PL","potentialAction":[{"@type":"ReadAction","target":["https:\/\/drogue-douce.com\/konfidenczialnost\/"]}]},{"@type":"BreadcrumbList","@id":"https:\/\/drogue-douce.com\/konfidenczialnost\/#breadcrumb","itemListElement":[{"@type":"ListItem","position":1,"name":"\u0413\u043b\u0430\u0432\u043d\u0430\u044f \u0441\u0442\u0440\u0430\u043d\u0438\u0446\u0430","item":"https:\/\/drogue-douce.com\/"},{"@type":"ListItem","position":2,"name":"Privacy"}]},{"@type":"WebSite","@id":"https:\/\/drogue-douce.com\/#website","url":"https:\/\/drogue-douce.com\/","name":"","description":"Dive into the captivating realm of Adult Webcam World, your ultimate destination for a visual feast","potentialAction":[{"@type":"SearchAction","target":{"@type":"EntryPoint","urlTemplate":"https:\/\/drogue-douce.com\/?s={search_term_string}"},"query-input":"required name=search_term_string"}],"inLanguage":"pl-PL"}]}},"_links":{"self":[{"href":"https:\/\/drogue-douce.com\/pl\/wp-json\/wp\/v2\/pages\/42","targetHints":{"allow":["GET"]}}],"collection":[{"href":"https:\/\/drogue-douce.com\/pl\/wp-json\/wp\/v2\/pages"}],"about":[{"href":"https:\/\/drogue-douce.com\/pl\/wp-json\/wp\/v2\/types\/page"}],"author":[{"embeddable":true,"href":"https:\/\/drogue-douce.com\/pl\/wp-json\/wp\/v2\/users\/1"}],"replies":[{"embeddable":true,"href":"https:\/\/drogue-douce.com\/pl\/wp-json\/wp\/v2\/comments?post=42"}],"version-history":[{"count":5,"href":"https:\/\/drogue-douce.com\/pl\/wp-json\/wp\/v2\/pages\/42\/revisions"}],"predecessor-version":[{"id":207,"href":"https:\/\/drogue-douce.com\/pl\/wp-json\/wp\/v2\/pages\/42\/revisions\/207"}],"wp:attachment":[{"href":"https:\/\/drogue-douce.com\/pl\/wp-json\/wp\/v2\/media?parent=42"}],"curies":[{"name":"wp","href":"https:\/\/api.w.org\/{rel}","templated":true}]}}