{"id":44,"date":"2023-08-08T16:57:06","date_gmt":"2023-08-08T16:57:06","guid":{"rendered":"https:\/\/defiscalisant.com\/?page_id=44"},"modified":"2023-09-24T13:29:38","modified_gmt":"2023-09-24T13:29:38","slug":"o-nas","status":"publish","type":"page","link":"https:\/\/drogue-douce.com\/it\/o-nas\/","title":{"rendered":"Informazioni sul nostro blog di webcam erotiche"},"content":{"rendered":"<p><em>Scopri il mondo dell&#039;esplorazione sensuale<\/em><\/p>\n<p>Sei pronto a tuffarti nell&#039;eccitante, misterioso e accattivante mondo delle webcam erotiche? Non guardare oltre il nostro Blog di webcam erotiche, la tua guida definitiva a un mondo in cui le fantasie prendono vita e i confini della sensualit\u00e0 vengono spinti a nuovi livelli.<\/p>\n<p><strong>Esplorare il desiderio nell\u2019era digitale<\/strong><\/p>\n<p>Nell\u2019era di Internet, la connessione umana si \u00e8 evoluta in innumerevoli modi. Una delle strade pi\u00f9 esilaranti per l&#039;intrattenimento e l&#039;esplorazione degli adulti sono le webcam erotiche. Il nostro blog \u00e8 qui per accompagnarti in un viaggio emozionante attraverso questo regno intrigante.<\/p>\n<p><strong>Un tesoro di contenuti<\/strong><\/p>\n<p>Il nostro blog di webcam erotiche offre un tesoro di contenuti per coloro che cercano un&#039;esperienza coinvolgente ed emozionante. Ecco cosa puoi aspettarti:<\/p>\n<ol>\n<li><strong>Post di blog frizzanti:<\/strong> Il nostro team di scrittori appassionati approfondisce una miriade di argomenti relativi alle webcam erotiche. Dai suggerimenti su come migliorare i tuoi incontri online alle recensioni approfondite dei modelli e dei siti pi\u00f9 in voga, ti offriamo la soluzione.<\/li>\n<li><strong>Gallerie fotografiche:<\/strong> Rifatevi gli occhi con le foto scintillanti degli artisti via webcam pi\u00f9 seducenti. Queste immagini sono pi\u00f9 che semplici istantanee; sono una celebrazione della forma umana in tutta la sua bellezza.<\/li>\n<li><strong>Vetrine video:<\/strong> Immergiti pi\u00f9 a fondo nel mondo delle webcam erotiche con le nostre vetrine video attentamente curate. Ottieni un assaggio di ci\u00f2 che questi accattivanti artisti hanno da offrire.<\/li>\n<li><strong>Storie degli utenti:<\/strong> Ascolta le testimonianze di persone reali che si sono avventurate nel mondo delle webcam erotiche. Le loro storie ed esperienze incuriosiranno e ispireranno.<\/li>\n<\/ol>\n<p><strong>Una comunit\u00e0 sicura e rispettosa<\/strong><\/p>\n<p>Ci impegniamo a promuovere una comunit\u00e0 sicura, rispettosa e inclusiva. Sottolineiamo l\u2019importanza del consenso, dei limiti e del trattamento di ogni individuo con il massimo rispetto. Il nostro blog \u00e8 uno spazio in cui gli adulti dalla mentalit\u00e0 aperta possono esplorare i propri desideri liberamente, senza giudizio.<\/p>\n<p><strong>Il tuo viaggio inizia qui<\/strong><\/p>\n<p>Che tu sia un appassionato esperto o nuovo nel mondo delle webcam erotiche, il nostro blog ha qualcosa per tutti. La nostra missione \u00e8 fornire una risorsa che intrattenga, istruisca e consenta alle persone di abbracciare i propri desideri e curiosit\u00e0.<\/p>","protected":false},"excerpt":{"rendered":"<p>Discover the World of Sensual Exploration Are you ready to dive into the exciting, mysterious, and captivating world of erotic [&hellip;]<\/p>","protected":false},"author":1,"featured_media":0,"parent":0,"menu_order":0,"comment_status":"closed","ping_status":"closed","template":"","meta":{"footnotes":""},"class_list":["post-44","page","type-page","status-publish","hentry"],"yoast_head":"<!-- This site is optimized with the Yoast SEO plugin v20.13 - https:\/\/yoast.com\/wordpress\/plugins\/seo\/ -->\n<title>About our erotic webcam blog -<\/title>\n<meta name=\"robots\" content=\"index, follow, max-snippet:-1, max-image-preview:large, max-video-preview:-1\" \/>\n<link rel=\"canonical\" href=\"https:\/\/drogue-douce.com\/it\/o-nas\/\" \/>\n<meta property=\"og:locale\" content=\"it_IT\" \/>\n<meta property=\"og:type\" content=\"article\" \/>\n<meta property=\"og:title\" content=\"About our erotic webcam blog -\" \/>\n<meta property=\"og:description\" content=\"Discover the World of Sensual Exploration Are you ready to dive into the exciting, mysterious, and captivating world of erotic [&hellip;]\" \/>\n<meta property=\"og:url\" content=\"https:\/\/drogue-douce.com\/it\/o-nas\/\" \/>\n<meta property=\"article:modified_time\" content=\"2023-09-24T13:29:38+00:00\" \/>\n<meta name=\"twitter:card\" content=\"summary_large_image\" \/>\n<script type=\"application\/ld+json\" class=\"yoast-schema-graph\">{\"@context\":\"https:\/\/schema.org\",\"@graph\":[{\"@type\":\"WebPage\",\"@id\":\"https:\/\/drogue-douce.com\/o-nas\/\",\"url\":\"https:\/\/drogue-douce.com\/o-nas\/\",\"name\":\"About our erotic webcam blog -\",\"isPartOf\":{\"@id\":\"https:\/\/drogue-douce.com\/#website\"},\"datePublished\":\"2023-08-08T16:57:06+00:00\",\"dateModified\":\"2023-09-24T13:29:38+00:00\",\"breadcrumb\":{\"@id\":\"https:\/\/drogue-douce.com\/o-nas\/#breadcrumb\"},\"inLanguage\":\"it-IT\",\"potentialAction\":[{\"@type\":\"ReadAction\",\"target\":[\"https:\/\/drogue-douce.com\/o-nas\/\"]}]},{\"@type\":\"BreadcrumbList\",\"@id\":\"https:\/\/drogue-douce.com\/o-nas\/#breadcrumb\",\"itemListElement\":[{\"@type\":\"ListItem\",\"position\":1,\"name\":\"\u0413\u043b\u0430\u0432\u043d\u0430\u044f \u0441\u0442\u0440\u0430\u043d\u0438\u0446\u0430\",\"item\":\"https:\/\/drogue-douce.com\/\"},{\"@type\":\"ListItem\",\"position\":2,\"name\":\"About our erotic webcam blog\"}]},{\"@type\":\"WebSite\",\"@id\":\"https:\/\/drogue-douce.com\/#website\",\"url\":\"https:\/\/drogue-douce.com\/\",\"name\":\"\",\"description\":\"Dive into the captivating realm of Adult Webcam World, your ultimate destination for a visual feast\",\"potentialAction\":[{\"@type\":\"SearchAction\",\"target\":{\"@type\":\"EntryPoint\",\"urlTemplate\":\"https:\/\/drogue-douce.com\/?s={search_term_string}\"},\"query-input\":\"required name=search_term_string\"}],\"inLanguage\":\"it-IT\"}]}<\/script>\n<!-- \/ Yoast SEO plugin. -->","yoast_head_json":{"title":"About our erotic webcam blog -","robots":{"index":"index","follow":"follow","max-snippet":"max-snippet:-1","max-image-preview":"max-image-preview:large","max-video-preview":"max-video-preview:-1"},"canonical":"https:\/\/drogue-douce.com\/it\/o-nas\/","og_locale":"it_IT","og_type":"article","og_title":"About our erotic webcam blog -","og_description":"Discover the World of Sensual Exploration Are you ready to dive into the exciting, mysterious, and captivating world of erotic [&hellip;]","og_url":"https:\/\/drogue-douce.com\/it\/o-nas\/","article_modified_time":"2023-09-24T13:29:38+00:00","twitter_card":"summary_large_image","schema":{"@context":"https:\/\/schema.org","@graph":[{"@type":"WebPage","@id":"https:\/\/drogue-douce.com\/o-nas\/","url":"https:\/\/drogue-douce.com\/o-nas\/","name":"About our erotic webcam blog -","isPartOf":{"@id":"https:\/\/drogue-douce.com\/#website"},"datePublished":"2023-08-08T16:57:06+00:00","dateModified":"2023-09-24T13:29:38+00:00","breadcrumb":{"@id":"https:\/\/drogue-douce.com\/o-nas\/#breadcrumb"},"inLanguage":"it-IT","potentialAction":[{"@type":"ReadAction","target":["https:\/\/drogue-douce.com\/o-nas\/"]}]},{"@type":"BreadcrumbList","@id":"https:\/\/drogue-douce.com\/o-nas\/#breadcrumb","itemListElement":[{"@type":"ListItem","position":1,"name":"\u0413\u043b\u0430\u0432\u043d\u0430\u044f \u0441\u0442\u0440\u0430\u043d\u0438\u0446\u0430","item":"https:\/\/drogue-douce.com\/"},{"@type":"ListItem","position":2,"name":"About our erotic webcam blog"}]},{"@type":"WebSite","@id":"https:\/\/drogue-douce.com\/#website","url":"https:\/\/drogue-douce.com\/","name":"","description":"Dive into the captivating realm of Adult Webcam World, your ultimate destination for a visual feast","potentialAction":[{"@type":"SearchAction","target":{"@type":"EntryPoint","urlTemplate":"https:\/\/drogue-douce.com\/?s={search_term_string}"},"query-input":"required name=search_term_string"}],"inLanguage":"it-IT"}]}},"_links":{"self":[{"href":"https:\/\/drogue-douce.com\/it\/wp-json\/wp\/v2\/pages\/44","targetHints":{"allow":["GET"]}}],"collection":[{"href":"https:\/\/drogue-douce.com\/it\/wp-json\/wp\/v2\/pages"}],"about":[{"href":"https:\/\/drogue-douce.com\/it\/wp-json\/wp\/v2\/types\/page"}],"author":[{"embeddable":true,"href":"https:\/\/drogue-douce.com\/it\/wp-json\/wp\/v2\/users\/1"}],"replies":[{"embeddable":true,"href":"https:\/\/drogue-douce.com\/it\/wp-json\/wp\/v2\/comments?post=44"}],"version-history":[{"count":2,"href":"https:\/\/drogue-douce.com\/it\/wp-json\/wp\/v2\/pages\/44\/revisions"}],"predecessor-version":[{"id":205,"href":"https:\/\/drogue-douce.com\/it\/wp-json\/wp\/v2\/pages\/44\/revisions\/205"}],"wp:attachment":[{"href":"https:\/\/drogue-douce.com\/it\/wp-json\/wp\/v2\/media?parent=44"}],"curies":[{"name":"wp","href":"https:\/\/api.w.org\/{rel}","templated":true}]}}