{"id":44,"date":"2023-08-08T16:57:06","date_gmt":"2023-08-08T16:57:06","guid":{"rendered":"https:\/\/defiscalisant.com\/?page_id=44"},"modified":"2023-09-24T13:29:38","modified_gmt":"2023-09-24T13:29:38","slug":"o-nas","status":"publish","type":"page","link":"https:\/\/drogue-douce.com\/fr\/o-nas\/","title":{"rendered":"\u00c0 propos de notre blog webcam \u00e9rotique"},"content":{"rendered":"<p><em>D\u00e9couvrez le monde de l&#039;exploration sensuelle<\/em><\/p>\n<p>\u00cates-vous pr\u00eat \u00e0 plonger dans le monde passionnant, myst\u00e9rieux et captivant des webcams \u00e9rotiques ? Ne cherchez pas plus loin que notre blog webcam \u00e9rotique, votre guide ultime dans un monde o\u00f9 les fantasmes prennent vie et o\u00f9 les limites de la sensualit\u00e9 sont repouss\u00e9es vers de nouveaux sommets.<\/p>\n<p><strong>Explorer le d\u00e9sir \u00e0 l\u2019\u00e8re num\u00e9rique<\/strong><\/p>\n<p>\u00c0 l\u2019\u00e8re d\u2019Internet, la connexion humaine a \u00e9volu\u00e9 d\u2019innombrables fa\u00e7ons. Les webcams \u00e9rotiques sont l\u2019une des voies les plus exaltantes pour le divertissement et l\u2019exploration pour adultes. Notre blog est l\u00e0 pour vous emmener dans un voyage passionnant \u00e0 travers ce royaume intrigant.<\/p>\n<p><strong>Un tr\u00e9sor de contenu<\/strong><\/p>\n<p>Notre blog webcam \u00e9rotique offre un tr\u00e9sor de contenu pour ceux qui recherchent une exp\u00e9rience immersive et passionnante. Voici \u00e0 quoi vous pouvez vous attendre\u00a0:<\/p>\n<ol>\n<li><strong>Articles de blog torrides\u00a0:<\/strong> Notre \u00e9quipe de r\u00e9dacteurs passionn\u00e9s aborde une myriade de sujets li\u00e9s aux webcams \u00e9rotiques. Des conseils pour am\u00e9liorer vos rencontres en ligne aux examens approfondis des mod\u00e8les et des sites les plus populaires, nous avons ce qu&#039;il vous faut.<\/li>\n<li><strong>Galeries de photos\u00a0:<\/strong> R\u00e9galez vos yeux avec des photos scintillantes des artistes webcam les plus s\u00e9duisants. Ces images sont plus que de simples instantan\u00e9s ; ils c\u00e9l\u00e8brent la forme humaine dans toute sa beaut\u00e9.<\/li>\n<li><strong>Vitrines vid\u00e9o\u00a0:<\/strong> Plongez plus profond\u00e9ment dans le monde des webcams \u00e9rotiques avec nos vitrines vid\u00e9o soigneusement organis\u00e9es. Obtenez un avant-go\u00fbt de ce que ces artistes captivants ont \u00e0 offrir.<\/li>\n<li><strong>Histoires d&#039;utilisateurs:<\/strong> \u00c9coutez de vraies personnes qui se sont aventur\u00e9es dans le monde des webcams \u00e9rotiques. Leurs histoires et exp\u00e9riences intrigueront et inspireront.<\/li>\n<\/ol>\n<p><strong>Une communaut\u00e9 s\u00fbre et respectueuse<\/strong><\/p>\n<p>Nous nous engageons \u00e0 favoriser une communaut\u00e9 s\u00fbre, respectueuse et inclusive. Nous soulignons l\u2019importance du consentement, des limites et du traitement de chaque individu avec le plus grand respect. Notre blog est un espace o\u00f9 les adultes ouverts d&#039;esprit peuvent explorer leurs envies librement, sans jugement.<\/p>\n<p><strong>Votre voyage commence ici<\/strong><\/p>\n<p>Que vous soyez un passionn\u00e9 chevronn\u00e9 ou un nouveau venu dans le monde des webcams \u00e9rotiques, notre blog a quelque chose pour tout le monde. Notre mission est de fournir une ressource qui divertit, \u00e9duque et permet aux individus d&#039;accepter leurs d\u00e9sirs et leurs curiosit\u00e9s.<\/p>","protected":false},"excerpt":{"rendered":"<p>Discover the World of Sensual Exploration Are you ready to dive into the exciting, mysterious, and captivating world of erotic [&hellip;]<\/p>","protected":false},"author":1,"featured_media":0,"parent":0,"menu_order":0,"comment_status":"closed","ping_status":"closed","template":"","meta":{"footnotes":""},"class_list":["post-44","page","type-page","status-publish","hentry"],"yoast_head":"<!-- This site is optimized with the Yoast SEO plugin v20.13 - https:\/\/yoast.com\/wordpress\/plugins\/seo\/ -->\n<title>About our erotic webcam blog -<\/title>\n<meta name=\"robots\" content=\"index, follow, max-snippet:-1, max-image-preview:large, max-video-preview:-1\" \/>\n<link rel=\"canonical\" href=\"https:\/\/drogue-douce.com\/fr\/o-nas\/\" \/>\n<meta property=\"og:locale\" content=\"fr_FR\" \/>\n<meta property=\"og:type\" content=\"article\" \/>\n<meta property=\"og:title\" content=\"About our erotic webcam blog -\" \/>\n<meta property=\"og:description\" content=\"Discover the World of Sensual Exploration Are you ready to dive into the exciting, mysterious, and captivating world of erotic [&hellip;]\" \/>\n<meta property=\"og:url\" content=\"https:\/\/drogue-douce.com\/fr\/o-nas\/\" \/>\n<meta property=\"article:modified_time\" content=\"2023-09-24T13:29:38+00:00\" \/>\n<meta name=\"twitter:card\" content=\"summary_large_image\" \/>\n<script type=\"application\/ld+json\" class=\"yoast-schema-graph\">{\"@context\":\"https:\/\/schema.org\",\"@graph\":[{\"@type\":\"WebPage\",\"@id\":\"https:\/\/drogue-douce.com\/o-nas\/\",\"url\":\"https:\/\/drogue-douce.com\/o-nas\/\",\"name\":\"About our erotic webcam blog -\",\"isPartOf\":{\"@id\":\"https:\/\/drogue-douce.com\/#website\"},\"datePublished\":\"2023-08-08T16:57:06+00:00\",\"dateModified\":\"2023-09-24T13:29:38+00:00\",\"breadcrumb\":{\"@id\":\"https:\/\/drogue-douce.com\/o-nas\/#breadcrumb\"},\"inLanguage\":\"fr-FR\",\"potentialAction\":[{\"@type\":\"ReadAction\",\"target\":[\"https:\/\/drogue-douce.com\/o-nas\/\"]}]},{\"@type\":\"BreadcrumbList\",\"@id\":\"https:\/\/drogue-douce.com\/o-nas\/#breadcrumb\",\"itemListElement\":[{\"@type\":\"ListItem\",\"position\":1,\"name\":\"\u0413\u043b\u0430\u0432\u043d\u0430\u044f \u0441\u0442\u0440\u0430\u043d\u0438\u0446\u0430\",\"item\":\"https:\/\/drogue-douce.com\/\"},{\"@type\":\"ListItem\",\"position\":2,\"name\":\"About our erotic webcam blog\"}]},{\"@type\":\"WebSite\",\"@id\":\"https:\/\/drogue-douce.com\/#website\",\"url\":\"https:\/\/drogue-douce.com\/\",\"name\":\"\",\"description\":\"Dive into the captivating realm of Adult Webcam World, your ultimate destination for a visual feast\",\"potentialAction\":[{\"@type\":\"SearchAction\",\"target\":{\"@type\":\"EntryPoint\",\"urlTemplate\":\"https:\/\/drogue-douce.com\/?s={search_term_string}\"},\"query-input\":\"required name=search_term_string\"}],\"inLanguage\":\"fr-FR\"}]}<\/script>\n<!-- \/ Yoast SEO plugin. -->","yoast_head_json":{"title":"About our erotic webcam blog -","robots":{"index":"index","follow":"follow","max-snippet":"max-snippet:-1","max-image-preview":"max-image-preview:large","max-video-preview":"max-video-preview:-1"},"canonical":"https:\/\/drogue-douce.com\/fr\/o-nas\/","og_locale":"fr_FR","og_type":"article","og_title":"About our erotic webcam blog -","og_description":"Discover the World of Sensual Exploration Are you ready to dive into the exciting, mysterious, and captivating world of erotic [&hellip;]","og_url":"https:\/\/drogue-douce.com\/fr\/o-nas\/","article_modified_time":"2023-09-24T13:29:38+00:00","twitter_card":"summary_large_image","schema":{"@context":"https:\/\/schema.org","@graph":[{"@type":"WebPage","@id":"https:\/\/drogue-douce.com\/o-nas\/","url":"https:\/\/drogue-douce.com\/o-nas\/","name":"About our erotic webcam blog -","isPartOf":{"@id":"https:\/\/drogue-douce.com\/#website"},"datePublished":"2023-08-08T16:57:06+00:00","dateModified":"2023-09-24T13:29:38+00:00","breadcrumb":{"@id":"https:\/\/drogue-douce.com\/o-nas\/#breadcrumb"},"inLanguage":"fr-FR","potentialAction":[{"@type":"ReadAction","target":["https:\/\/drogue-douce.com\/o-nas\/"]}]},{"@type":"BreadcrumbList","@id":"https:\/\/drogue-douce.com\/o-nas\/#breadcrumb","itemListElement":[{"@type":"ListItem","position":1,"name":"\u0413\u043b\u0430\u0432\u043d\u0430\u044f \u0441\u0442\u0440\u0430\u043d\u0438\u0446\u0430","item":"https:\/\/drogue-douce.com\/"},{"@type":"ListItem","position":2,"name":"About our erotic webcam blog"}]},{"@type":"WebSite","@id":"https:\/\/drogue-douce.com\/#website","url":"https:\/\/drogue-douce.com\/","name":"","description":"Dive into the captivating realm of Adult Webcam World, your ultimate destination for a visual feast","potentialAction":[{"@type":"SearchAction","target":{"@type":"EntryPoint","urlTemplate":"https:\/\/drogue-douce.com\/?s={search_term_string}"},"query-input":"required name=search_term_string"}],"inLanguage":"fr-FR"}]}},"_links":{"self":[{"href":"https:\/\/drogue-douce.com\/fr\/wp-json\/wp\/v2\/pages\/44","targetHints":{"allow":["GET"]}}],"collection":[{"href":"https:\/\/drogue-douce.com\/fr\/wp-json\/wp\/v2\/pages"}],"about":[{"href":"https:\/\/drogue-douce.com\/fr\/wp-json\/wp\/v2\/types\/page"}],"author":[{"embeddable":true,"href":"https:\/\/drogue-douce.com\/fr\/wp-json\/wp\/v2\/users\/1"}],"replies":[{"embeddable":true,"href":"https:\/\/drogue-douce.com\/fr\/wp-json\/wp\/v2\/comments?post=44"}],"version-history":[{"count":2,"href":"https:\/\/drogue-douce.com\/fr\/wp-json\/wp\/v2\/pages\/44\/revisions"}],"predecessor-version":[{"id":205,"href":"https:\/\/drogue-douce.com\/fr\/wp-json\/wp\/v2\/pages\/44\/revisions\/205"}],"wp:attachment":[{"href":"https:\/\/drogue-douce.com\/fr\/wp-json\/wp\/v2\/media?parent=44"}],"curies":[{"name":"wp","href":"https:\/\/api.w.org\/{rel}","templated":true}]}}