{"id":42,"date":"2023-08-08T16:56:50","date_gmt":"2023-08-08T16:56:50","guid":{"rendered":"https:\/\/defiscalisant.com\/?page_id=42"},"modified":"2023-09-24T13:31:45","modified_gmt":"2023-09-24T13:31:45","slug":"konfidenczialnost","status":"publish","type":"page","link":"https:\/\/drogue-douce.com\/cs\/duveryhodnost\/","title":{"rendered":"Soukrom\u00ed"},"content":{"rendered":"<p><strong>Z\u00e1sady ochrany osobn\u00edch \u00fadaj\u016f pro Drogue-Douce.com<\/strong><\/p>\n<p><strong>\u00davod<\/strong><\/p>\n<p>V\u00edtejte na Drogue-Douce.com (\u201emy\u201c, \u201ena\u0161e\u201c nebo \u201en\u00e1s\u201c). Respektujeme va\u0161e soukrom\u00ed a zavazujeme se chr\u00e1nit va\u0161e osobn\u00ed \u00fadaje. Tyto Z\u00e1sady ochrany osobn\u00edch \u00fadaj\u016f vysv\u011btluj\u00ed, jak shroma\u017e\u010fujeme, pou\u017e\u00edv\u00e1me a sd\u00edl\u00edme va\u0161e osobn\u00ed \u00fadaje, a va\u0161e pr\u00e1va ve vztahu k va\u0161im osobn\u00edm \u00fadaj\u016fm.<\/p>\n<p>Pou\u017e\u00edv\u00e1n\u00edm na\u0161ich webov\u00fdch str\u00e1nek souhlas\u00edte s podm\u00ednkami t\u011bchto Z\u00e1sad ochrany osobn\u00edch \u00fadaj\u016f.<\/p>\n<p>Na na\u0161em blogu Erotic Webcam Blog uzn\u00e1v\u00e1me v\u00fdznam soukrom\u00ed v dne\u0161n\u00edm digit\u00e1ln\u00edm prost\u0159ed\u00ed. Na\u0161\u00edm c\u00edlem je zajistit, aby va\u0161e soukrom\u00ed bylo chr\u00e1n\u011bno a v\u00e1\u0161 online z\u00e1\u017eitek byl bezpe\u010dn\u00fd a p\u0159\u00edjemn\u00fd.<\/p>\n<p><strong>Porozum\u011bn\u00ed na\u0161im z\u00e1sad\u00e1m ochrany osobn\u00edch \u00fadaj\u016f<\/strong><\/p>\n<p>Tyto z\u00e1sady ochrany osobn\u00edch \u00fadaj\u016f popisuj\u00ed, jak shroma\u017e\u010fujeme, pou\u017e\u00edv\u00e1me a chr\u00e1n\u00edme va\u0161e osobn\u00ed \u00fadaje. Pou\u017e\u00edv\u00e1n\u00edm na\u0161ich webov\u00fdch str\u00e1nek souhlas\u00edte s podm\u00ednkami popsan\u00fdmi v t\u011bchto z\u00e1sad\u00e1ch.<\/p>\n<ol>\n<li><strong>Informace, kter\u00e9 shroma\u017e\u010fujeme:<\/strong>\n<ul>\n<li><em>Osobn\u00ed informace:<\/em> M\u016f\u017eeme shroma\u017e\u010fovat osobn\u00ed \u00fadaje, jako je va\u0161e jm\u00e9no, e-mailov\u00e1 adresa a jak\u00e9koli dal\u0161\u00ed informace, kter\u00e9 dobrovoln\u011b poskytnete, kdy\u017e komunikujete s na\u0161imi str\u00e1nkami, p\u0159ihl\u00e1s\u00edte se k odb\u011bru na\u0161eho newsletteru nebo se \u00fa\u010dastn\u00edte jak\u00fdchkoli pr\u016fzkum\u016f nebo sout\u011b\u017e\u00ed.<\/li>\n<li><em>Informace o pou\u017eit\u00ed:<\/em> Shroma\u017e\u010fujeme neosobn\u00ed informace o tom, jak pou\u017e\u00edv\u00e1te na\u0161e webov\u00e9 str\u00e1nky, v\u010detn\u011b vzor\u016f proch\u00e1zen\u00ed, nav\u0161t\u00edven\u00fdch str\u00e1nek a d\u00e9lky va\u0161eho pobytu. To n\u00e1m pom\u00e1h\u00e1 zlep\u0161it u\u017eivatelsk\u00fd dojem a p\u0159izp\u016fsobit obsah va\u0161im preferenc\u00edm.<\/li>\n<\/ul>\n<\/li>\n<li><strong>Jak pou\u017e\u00edv\u00e1me va\u0161e \u00fadaje:<\/strong>\n<ul>\n<li><em>Vlastn\u00ed zku\u0161enost:<\/em> Va\u0161e informace n\u00e1m pom\u00e1haj\u00ed p\u0159izp\u016fsobit n\u00e1\u0161 obsah tak, aby l\u00e9pe vyhovoval va\u0161im z\u00e1jm\u016fm a preferenc\u00edm, a poskytuj\u00ed v\u00e1m tak personalizovan\u011bj\u0161\u00ed z\u00e1\u017eitek z na\u0161eho blogu.<\/li>\n<li><em>Sd\u011blen\u00ed:<\/em> Va\u0161i e-mailovou adresu m\u016f\u017eeme pou\u017e\u00edt k zas\u00edl\u00e1n\u00ed aktualizac\u00ed, newsletter\u016f, propaga\u010dn\u00edch nab\u00eddek nebo k odpov\u011bdi na dotazy. Z t\u00e9to komunikace se m\u016f\u017eete kdykoli odhl\u00e1sit.<\/li>\n<\/ul>\n<\/li>\n<li><strong>Ochrana va\u0161ich \u00fadaj\u016f:<\/strong>\n<ul>\n<li><em>Bezpe\u010dnost dat:<\/em> Pou\u017e\u00edv\u00e1me robustn\u00ed bezpe\u010dnostn\u00ed opat\u0159en\u00ed k ochran\u011b va\u0161ich osobn\u00edch \u00fadaj\u016f p\u0159ed neopr\u00e1vn\u011bn\u00fdm p\u0159\u00edstupem, zve\u0159ejn\u011bn\u00edm, pozm\u011bn\u011bn\u00edm nebo zni\u010den\u00edm.<\/li>\n<li><em>P\u0159\u00edstup t\u0159et\u00ed strany:<\/em> Va\u0161e osobn\u00ed \u00fadaje neprod\u00e1v\u00e1me, neobchodujeme ani je nep\u0159ev\u00e1d\u00edme extern\u00edm stran\u00e1m. To v\u0161ak nezahrnuje d\u016fv\u011bryhodn\u00e9 t\u0159et\u00ed strany, kter\u00e9 n\u00e1m pom\u00e1haj\u00ed s provozov\u00e1n\u00edm na\u0161ich webov\u00fdch str\u00e1nek nebo provozov\u00e1n\u00edm na\u0161eho podnik\u00e1n\u00ed, pokud souhlas\u00ed s t\u00edm, \u017ee budou tyto informace dr\u017eet v tajnosti.<\/li>\n<\/ul>\n<\/li>\n<li><strong>Soubory cookie:<\/strong>\n<ul>\n<li><em>Pou\u017eit\u00ed soubor\u016f cookie:<\/em> Pou\u017e\u00edv\u00e1me cookies, co\u017e jsou mal\u00e9 soubory ulo\u017een\u00e9 ve va\u0161em za\u0159\u00edzen\u00ed, abychom zlep\u0161ili v\u00e1\u0161 z\u00e1\u017eitek z prohl\u00ed\u017een\u00ed. Tyto soubory cookie n\u00e1m pom\u00e1haj\u00ed analyzovat n\u00e1v\u0161t\u011bvnost webov\u00fdch str\u00e1nek, pamatovat si va\u0161e preference a zlep\u0161ovat na\u0161e webov\u00e9 str\u00e1nky.<\/li>\n<li><em>Kontrola soubor\u016f cookie:<\/em> M\u00e1te mo\u017enost p\u0159ijmout nebo odm\u00edtnout soubory cookie. V\u011bt\u0161ina webov\u00fdch prohl\u00ed\u017ee\u010d\u016f soubory cookie automaticky p\u0159ij\u00edm\u00e1, ale pokud chcete, m\u016f\u017eete obvykle upravit nastaven\u00ed prohl\u00ed\u017ee\u010de tak, aby soubory cookie odm\u00edtal.<\/li>\n<\/ul>\n<\/li>\n<li><strong>Odkazy t\u0159et\u00edch stran:<\/strong>\n<ul>\n<li>Na\u0161e webov\u00e9 str\u00e1nky mohou obsahovat odkazy na extern\u00ed str\u00e1nky. Uv\u011bdomte si pros\u00edm, \u017ee nejsme zodpov\u011bdn\u00ed za obsah nebo postupy ochrany osobn\u00edch \u00fadaj\u016f t\u011bchto str\u00e1nek t\u0159et\u00edch stran. Doporu\u010dujeme v\u00e1m p\u0159e\u010d\u00edst si z\u00e1sady ochrany osobn\u00edch \u00fadaj\u016f v\u0161ech webov\u00fdch str\u00e1nek, kter\u00e9 nav\u0161t\u00edv\u00edte.<\/li>\n<\/ul>\n<\/li>\n<\/ol>\n<p><strong>V\u00e1\u0161 souhlas a kontrola:<\/strong><\/p>\n<p>Pou\u017e\u00edv\u00e1n\u00edm na\u0161eho blogu Erotic Webcam souhlas\u00edte s na\u0161imi Z\u00e1sadami ochrany osobn\u00edch \u00fadaj\u016f. Pokud s t\u011bmito z\u00e1sadami nesouhlas\u00edte, zdr\u017ete se pros\u00edm pou\u017e\u00edv\u00e1n\u00ed na\u0161ich webov\u00fdch str\u00e1nek. M\u00e1te pr\u00e1vo po\u017eadovat p\u0159\u00edstup ke sv\u00fdm osobn\u00edm \u00fadaj\u016fm, jejich opravu nebo v\u00fdmaz t\u00edm, \u017ee n\u00e1s kontaktujete.<\/p>\n<p>Zav\u00e1zali jsme se udr\u017eovat maxim\u00e1ln\u00ed transparentnost a zajistit, aby bylo va\u0161e soukrom\u00ed v\u017edy respektov\u00e1no. M\u00e1te-li jak\u00e9koli dotazy nebo obavy t\u00fdkaj\u00edc\u00ed se na\u0161ich Z\u00e1sad ochrany osobn\u00edch \u00fadaj\u016f, nev\u00e1hejte n\u00e1s kontaktovat.<\/p>\n<p>D\u011bkujeme, \u017ee jste n\u00e1m sv\u011b\u0159ili sv\u00e9 soukrom\u00ed, kdy\u017e si na na\u0161em blogu u\u017e\u00edv\u00e1te objevov\u00e1n\u00ed vzru\u0161uj\u00edc\u00edho sv\u011bta erotick\u00fdch webov\u00fdch kamer.<\/p>\n<p>&nbsp;<\/p>","protected":false},"excerpt":{"rendered":"<p>Privacy Policy for Drogue-Douce.com Introduction Welcome to Drogue-Douce.com (&#8220;we&#8221;, &#8220;our&#8221;, or &#8220;us&#8221;). We respect your privacy and are committed to [&hellip;]<\/p>","protected":false},"author":1,"featured_media":0,"parent":0,"menu_order":0,"comment_status":"closed","ping_status":"closed","template":"","meta":{"footnotes":""},"class_list":["post-42","page","type-page","status-publish","hentry"],"yoast_head":"<!-- This site is optimized with the Yoast SEO plugin v20.13 - https:\/\/yoast.com\/wordpress\/plugins\/seo\/ -->\n<title>Privacy -<\/title>\n<meta name=\"robots\" content=\"index, follow, max-snippet:-1, max-image-preview:large, max-video-preview:-1\" \/>\n<link rel=\"canonical\" href=\"https:\/\/drogue-douce.com\/cs\/duveryhodnost\/\" \/>\n<meta property=\"og:locale\" content=\"cs_CZ\" \/>\n<meta property=\"og:type\" content=\"article\" \/>\n<meta property=\"og:title\" content=\"Privacy -\" \/>\n<meta property=\"og:description\" content=\"Privacy Policy for Drogue-Douce.com Introduction Welcome to Drogue-Douce.com (&#8220;we&#8221;, &#8220;our&#8221;, or &#8220;us&#8221;). We respect your privacy and are committed to [&hellip;]\" \/>\n<meta property=\"og:url\" content=\"https:\/\/drogue-douce.com\/cs\/duveryhodnost\/\" \/>\n<meta property=\"article:modified_time\" content=\"2023-09-24T13:31:45+00:00\" \/>\n<meta name=\"twitter:card\" content=\"summary_large_image\" \/>\n<meta name=\"twitter:label1\" content=\"Odhadovan\u00e1 doba \u010dten\u00ed\" \/>\n\t<meta name=\"twitter:data1\" content=\"3 minuty\" \/>\n<script type=\"application\/ld+json\" class=\"yoast-schema-graph\">{\"@context\":\"https:\/\/schema.org\",\"@graph\":[{\"@type\":\"WebPage\",\"@id\":\"https:\/\/drogue-douce.com\/konfidenczialnost\/\",\"url\":\"https:\/\/drogue-douce.com\/konfidenczialnost\/\",\"name\":\"Privacy -\",\"isPartOf\":{\"@id\":\"https:\/\/drogue-douce.com\/#website\"},\"datePublished\":\"2023-08-08T16:56:50+00:00\",\"dateModified\":\"2023-09-24T13:31:45+00:00\",\"breadcrumb\":{\"@id\":\"https:\/\/drogue-douce.com\/konfidenczialnost\/#breadcrumb\"},\"inLanguage\":\"cs\",\"potentialAction\":[{\"@type\":\"ReadAction\",\"target\":[\"https:\/\/drogue-douce.com\/konfidenczialnost\/\"]}]},{\"@type\":\"BreadcrumbList\",\"@id\":\"https:\/\/drogue-douce.com\/konfidenczialnost\/#breadcrumb\",\"itemListElement\":[{\"@type\":\"ListItem\",\"position\":1,\"name\":\"\u0413\u043b\u0430\u0432\u043d\u0430\u044f \u0441\u0442\u0440\u0430\u043d\u0438\u0446\u0430\",\"item\":\"https:\/\/drogue-douce.com\/\"},{\"@type\":\"ListItem\",\"position\":2,\"name\":\"Privacy\"}]},{\"@type\":\"WebSite\",\"@id\":\"https:\/\/drogue-douce.com\/#website\",\"url\":\"https:\/\/drogue-douce.com\/\",\"name\":\"\",\"description\":\"Dive into the captivating realm of Adult Webcam World, your ultimate destination for a visual feast\",\"potentialAction\":[{\"@type\":\"SearchAction\",\"target\":{\"@type\":\"EntryPoint\",\"urlTemplate\":\"https:\/\/drogue-douce.com\/?s={search_term_string}\"},\"query-input\":\"required name=search_term_string\"}],\"inLanguage\":\"cs\"}]}<\/script>\n<!-- \/ Yoast SEO plugin. -->","yoast_head_json":{"title":"Privacy -","robots":{"index":"index","follow":"follow","max-snippet":"max-snippet:-1","max-image-preview":"max-image-preview:large","max-video-preview":"max-video-preview:-1"},"canonical":"https:\/\/drogue-douce.com\/cs\/duveryhodnost\/","og_locale":"cs_CZ","og_type":"article","og_title":"Privacy -","og_description":"Privacy Policy for Drogue-Douce.com Introduction Welcome to Drogue-Douce.com (&#8220;we&#8221;, &#8220;our&#8221;, or &#8220;us&#8221;). We respect your privacy and are committed to [&hellip;]","og_url":"https:\/\/drogue-douce.com\/cs\/duveryhodnost\/","article_modified_time":"2023-09-24T13:31:45+00:00","twitter_card":"summary_large_image","twitter_misc":{"Odhadovan\u00e1 doba \u010dten\u00ed":"3 minuty"},"schema":{"@context":"https:\/\/schema.org","@graph":[{"@type":"WebPage","@id":"https:\/\/drogue-douce.com\/konfidenczialnost\/","url":"https:\/\/drogue-douce.com\/konfidenczialnost\/","name":"Privacy -","isPartOf":{"@id":"https:\/\/drogue-douce.com\/#website"},"datePublished":"2023-08-08T16:56:50+00:00","dateModified":"2023-09-24T13:31:45+00:00","breadcrumb":{"@id":"https:\/\/drogue-douce.com\/konfidenczialnost\/#breadcrumb"},"inLanguage":"cs","potentialAction":[{"@type":"ReadAction","target":["https:\/\/drogue-douce.com\/konfidenczialnost\/"]}]},{"@type":"BreadcrumbList","@id":"https:\/\/drogue-douce.com\/konfidenczialnost\/#breadcrumb","itemListElement":[{"@type":"ListItem","position":1,"name":"\u0413\u043b\u0430\u0432\u043d\u0430\u044f \u0441\u0442\u0440\u0430\u043d\u0438\u0446\u0430","item":"https:\/\/drogue-douce.com\/"},{"@type":"ListItem","position":2,"name":"Privacy"}]},{"@type":"WebSite","@id":"https:\/\/drogue-douce.com\/#website","url":"https:\/\/drogue-douce.com\/","name":"","description":"Dive into the captivating realm of Adult Webcam World, your ultimate destination for a visual feast","potentialAction":[{"@type":"SearchAction","target":{"@type":"EntryPoint","urlTemplate":"https:\/\/drogue-douce.com\/?s={search_term_string}"},"query-input":"required name=search_term_string"}],"inLanguage":"cs"}]}},"_links":{"self":[{"href":"https:\/\/drogue-douce.com\/cs\/wp-json\/wp\/v2\/pages\/42","targetHints":{"allow":["GET"]}}],"collection":[{"href":"https:\/\/drogue-douce.com\/cs\/wp-json\/wp\/v2\/pages"}],"about":[{"href":"https:\/\/drogue-douce.com\/cs\/wp-json\/wp\/v2\/types\/page"}],"author":[{"embeddable":true,"href":"https:\/\/drogue-douce.com\/cs\/wp-json\/wp\/v2\/users\/1"}],"replies":[{"embeddable":true,"href":"https:\/\/drogue-douce.com\/cs\/wp-json\/wp\/v2\/comments?post=42"}],"version-history":[{"count":5,"href":"https:\/\/drogue-douce.com\/cs\/wp-json\/wp\/v2\/pages\/42\/revisions"}],"predecessor-version":[{"id":207,"href":"https:\/\/drogue-douce.com\/cs\/wp-json\/wp\/v2\/pages\/42\/revisions\/207"}],"wp:attachment":[{"href":"https:\/\/drogue-douce.com\/cs\/wp-json\/wp\/v2\/media?parent=42"}],"curies":[{"name":"wp","href":"https:\/\/api.w.org\/{rel}","templated":true}]}}